{"id":135,"date":"2024-01-24T10:03:22","date_gmt":"2024-01-24T10:03:22","guid":{"rendered":"https:\/\/mapogroup.be\/?page_id=135"},"modified":"2025-02-28T14:27:37","modified_gmt":"2025-02-28T14:27:37","slug":"bedrijven","status":"publish","type":"page","link":"https:\/\/mapogroup.be\/nl\/bedrijven\/","title":{"rendered":"Bedrijven"},"content":{"rendered":"<p>[et_pb_section fb_built=&#8221;1&#8243; inner_shadow=&#8221;on&#8221; custom_padding_last_edited=&#8221;on|phone&#8221; next_background_color=&#8221;rgba(0,0,0,0.92)&#8221; admin_label=&#8221;Header&#8221; _builder_version=&#8221;4.24.2&#8243; _module_preset=&#8221;default&#8221; background_color=&#8221;#000000&#8243; use_background_color_gradient=&#8221;on&#8221; background_color_gradient_stops=&#8221;rgba(0,0,0,0.8) 0%|rgba(0,0,0,0.5) 41%&#8221; background_color_gradient_overlays_image=&#8221;on&#8221; background_image=&#8221;https:\/\/mapogroup.be\/wp-content\/uploads\/2024\/01\/brown-wood-texture-dark-table-webbackground.jpg&#8221; parallax=&#8221;on&#8221; custom_margin=&#8221;0px||0px||true|false&#8221; custom_padding=&#8221;0px||42px||false|false&#8221; custom_padding_tablet=&#8221;0px||42px||false|false&#8221; custom_padding_phone=&#8221;0px||0px||false|false&#8221; bottom_divider_style=&#8221;arrow3&#8243; bottom_divider_arrangement=&#8221;above_content&#8221; bottom_divider_height_tablet=&#8221;&#8221; bottom_divider_height_phone=&#8221;33px&#8221; bottom_divider_height_last_edited=&#8221;on|phone&#8221; border_color_top=&#8221;#E09900&#8243; box_shadow_style=&#8221;preset2&#8243; locked=&#8221;off&#8221; collapsed=&#8221;off&#8221; global_colors_info=&#8221;{}&#8221;][et_pb_row _builder_version=&#8221;4.19.0&#8243; _module_preset=&#8221;default&#8221; global_colors_info=&#8221;{}&#8221;][et_pb_column type=&#8221;4_4&#8243; _builder_version=&#8221;4.19.0&#8243; _module_preset=&#8221;default&#8221; global_colors_info=&#8221;{}&#8221;][et_pb_image src=&#8221;https:\/\/mapogroup.be\/wp-content\/uploads\/2024\/01\/Mapo-Belgium-logo.png&#8221; title_text=&#8221;Mapo-Belgium-logo&#8221; align=&#8221;center&#8221; _builder_version=&#8221;4.24.2&#8243; _module_preset=&#8221;default&#8221; max_width=&#8221;100%&#8221; module_alignment=&#8221;center&#8221; height=&#8221;400px&#8221; max_height=&#8221;1000px&#8221; max_height_tablet=&#8221;1000px&#8221; max_height_phone=&#8221;136px&#8221; max_height_last_edited=&#8221;on|phone&#8221; custom_margin=&#8221;35px|||||&#8221; custom_padding=&#8221;||26px|||&#8221; animation_style=&#8221;zoom&#8221; global_colors_info=&#8221;{}&#8221;][\/et_pb_image][\/et_pb_column][\/et_pb_row][\/et_pb_section][et_pb_section fb_built=&#8221;1&#8243; admin_label=&#8221;Services&#8221; _builder_version=&#8221;4.24.0&#8243; _module_preset=&#8221;default&#8221; background_color=&#8221;rgba(0,0,0,0.92)&#8221; use_background_color_gradient=&#8221;on&#8221; background_color_gradient_stops=&#8221;#000000 1%|rgba(255,255,255,0) 11%|#000000 69%|rgba(255,255,255,0) 80%|#000000 94%&#8221; background_color_gradient_overlays_image=&#8221;on&#8221; background_enable_pattern_style=&#8221;on&#8221; background_pattern_style=&#8221;inverted-chevrons&#8221; background_pattern_color=&#8221;#000000&#8243; background_pattern_size=&#8221;cover&#8221; background_pattern_repeat_origin=&#8221;top_center&#8221; background_pattern_repeat=&#8221;repeat-x&#8221; background_pattern_blend_mode=&#8221;multiply&#8221; custom_padding=&#8221;5px||||false|false&#8221; collapsed=&#8221;off&#8221; global_colors_info=&#8221;{}&#8221;][et_pb_row _builder_version=&#8221;4.19.0&#8243; _module_preset=&#8221;default&#8221; custom_padding=&#8221;||4px|||&#8221; global_colors_info=&#8221;{}&#8221;][et_pb_column type=&#8221;4_4&#8243; _builder_version=&#8221;4.19.0&#8243; _module_preset=&#8221;default&#8221; global_colors_info=&#8221;{}&#8221;][et_pb_text _builder_version=&#8221;4.27.0&#8243; _module_preset=&#8221;default&#8221; header_font=&#8221;&#8211;et_global_heading_font|700|||||||&#8221; header_text_color=&#8221;#FFFFFF&#8221; header_font_size=&#8221;42px&#8221; custom_margin=&#8221;||9px|||&#8221; custom_padding=&#8221;||5px||false|false&#8221; animation_style=&#8221;zoom&#8221; border_color_all=&#8221;gcid-primary-color&#8221; border_color_right=&#8221;#E9492B&#8221; border_width_bottom=&#8221;3px&#8221; border_color_bottom=&#8221;gcid-primary-color&#8221; locked=&#8221;off&#8221; global_colors_info=&#8221;{%22gcid-primary-color%22:%91%22border_color_all%22,%22border_color_bottom%22%93}&#8221;]<\/p>\n<h1 style=\"text-align: center;\">Welkom bij <br \/>MAPO BELGIUM<\/h1>\n<p>[\/et_pb_text][\/et_pb_column][\/et_pb_row][et_pb_row _builder_version=&#8221;4.19.0&#8243; _module_preset=&#8221;default&#8221; custom_padding=&#8221;2px|||||&#8221; global_colors_info=&#8221;{}&#8221;][et_pb_column type=&#8221;4_4&#8243; _builder_version=&#8221;4.19.0&#8243; _module_preset=&#8221;default&#8221; global_colors_info=&#8221;{}&#8221;][et_pb_text _builder_version=&#8221;4.27.0&#8243; _module_preset=&#8221;default&#8221; text_font=&#8221;Lato|300|||||||&#8221; text_font_size=&#8221;16px&#8221; global_colors_info=&#8221;{}&#8221;]<\/p>\n<p><span style=\"color: #ffffff;\">Bij Mapo Belgium hebben we meer dan 40 jaar ervaring in het <strong>industrieel afwerken van parketvloeren, plaatmaterialen, constructiehout en gevelbekleding<\/strong>. De mogelijkheden zijn bijna grenzeloos: schuren, licht borstelen tot zwaar structureren, roken, verouderen, kleuren, oli\u00ebn en lakken.<\/span><\/p>\n<p><span style=\"color: #ffffff;\">Onze vestiging te Houthalen-Helchteren is uitgerust met <strong>2 automatische productielijnen<\/strong> die bestaan uit een lengte van maar liefst 160 en 220 meter lang.<br \/>In onze lakstraat kunnen wij tot 7 lagen aanbrengen in slechts \u00e9\u00e9n doorgang. Dankzij de grote droogcapaciteit van onze afwerkingsstraten kunnen heel wat stappen in het behandelingsproc\u00e9d\u00e9 gecombineerd worden, wat het <strong>prijstechnisch aantrekkelijk<\/strong> maakt.<\/span><\/p>\n<p><span style=\"color: #ffffff;\">Daarnaast kunnen we dankzij onze vacu\u00fcmcoater een 4-zijdige behandeling aanbieden in slechts \u00e9\u00e9n doorgang. Voor de zwaar gestructureerde ondergronden werken we graag met onze walslijn die in staat is het product tot diep in de groeven aan te brengen en zo een goede bescherming te bieden.<\/span><\/p>\n<p><span style=\"color: #ffffff;\">Heel wat producten worden met UV-technologie gedroogd en kunnen aan het einde van de behandeling meteen worden verpakt.<br \/><\/span><br \/><span style=\"color: #ffffff;\">Wij geven uw producten een behandeling die volledig op maat is. De afwerking wordt gekozen in functie van de ondergrond, de behandelingsmethode wordt bepaald op basis van het aangeleverde profiel. Zowel grote projecten als kleine commissiebestellingen zijn welkom bij ons!<\/span><\/p>\n<p>[\/et_pb_text][\/et_pb_column][\/et_pb_row][et_pb_row _builder_version=&#8221;4.19.0&#8243; _module_preset=&#8221;default&#8221; custom_padding=&#8221;2px|||||&#8221; global_colors_info=&#8221;{}&#8221;][et_pb_column type=&#8221;4_4&#8243; _builder_version=&#8221;4.19.0&#8243; _module_preset=&#8221;default&#8221; global_colors_info=&#8221;{}&#8221;][difl_packerygallery gallery=&#8221;569,572,574,575,570,571&#8243; pg_layout=&#8221;five&#8221; use_lightbox=&#8221;on&#8221; _builder_version=&#8221;4.24.0&#8243; _module_preset=&#8221;default&#8221; animation_style=&#8221;fade&#8221; global_colors_info=&#8221;{}&#8221;][\/difl_packerygallery][\/et_pb_column][\/et_pb_row][et_pb_row column_structure=&#8221;1_2,1_2&#8243; _builder_version=&#8221;4.24.2&#8243; _module_preset=&#8221;default&#8221; custom_padding=&#8221;2px|||||&#8221; global_colors_info=&#8221;{}&#8221;][et_pb_column type=&#8221;1_2&#8243; _builder_version=&#8221;4.24.2&#8243; _module_preset=&#8221;default&#8221; global_colors_info=&#8221;{}&#8221;][et_pb_text _builder_version=&#8221;4.24.2&#8243; _module_preset=&#8221;default&#8221; text_font=&#8221;Lato|300|||||||&#8221; text_font_size=&#8221;16px&#8221; header_font_size_tablet=&#8221;&#8221; header_font_size_phone=&#8221;22px&#8221; header_font_size_last_edited=&#8221;on|phone&#8221; global_colors_info=&#8221;{}&#8221;]<\/p>\n<h1><span style=\"color: #ffffff;\">HOUT en zoveel meer &#8230;<\/span><\/h1>\n<p><span style=\"color: #ffffff;\">Hout is een dankbaar en milieuvriendelijk materiaal. Het straalt warmte uit, is duurzaam, geeft een aangenaam gevoel en het brengt een woning of gebouw echt tot leven.<\/span><\/p>\n<p><span style=\"color: #ffffff;\">Mapo Belgium is sinds de opstart <strong>gespecialiseerd in de afwerking van diverse houtsoorten<\/strong>.<\/span><\/p>\n<p><span style=\"color: #ffffff;\">Sinds 1978 vond Jan Schoonbrood zijn passie in de lakwereld bij de firma Mapolux. In 1984 startte hij de firma I.V.S. op die voornamelijk bedreven was in het lakken van schroten en profielen.\u00a0 De groep specialiseerde zich verder in de afwerking van parketvloeren en schroten.<\/span><\/p>\n<p>&nbsp;<\/p>\n<p>[\/et_pb_text][\/et_pb_column][et_pb_column type=&#8221;1_2&#8243; _builder_version=&#8221;4.24.2&#8243; _module_preset=&#8221;default&#8221; global_colors_info=&#8221;{}&#8221;][et_pb_text _builder_version=&#8221;4.24.2&#8243; _module_preset=&#8221;default&#8221; text_font=&#8221;Lato|300|||||||&#8221; text_font_size=&#8221;16px&#8221; custom_margin=&#8221;-1px||||false|false&#8221; custom_margin_tablet=&#8221;-1px||||false|false&#8221; custom_margin_phone=&#8221;-91px||||false|false&#8221; custom_margin_last_edited=&#8221;on|phone&#8221; custom_padding_tablet=&#8221;&#8221; custom_padding_phone=&#8221;0px||||false|false&#8221; custom_padding_last_edited=&#8221;on|phone&#8221; global_colors_info=&#8221;{}&#8221;]<\/p>\n<p>&nbsp;<\/p>\n<p><span style=\"color: #ffffff;\">Door de jaren heen groeide de samenwerking uit tot Mapo Belgium waarbij het aanbod uitgroeide tot de afwerking van diverse buitentoepassingen zoals gevel- en terrasplanken, constructiehout en brandvertragende applicaties.<\/span><\/p>\n<p><span style=\"color: #ffffff;\">Ondertussen werken wij dagelijks grote volumes plaatmateriaal af waaronder MDF, Multiplex, diverse kunststofenf en vezelcement.<\/span><\/p>\n<p>[\/et_pb_text][\/et_pb_column][\/et_pb_row][\/et_pb_section][et_pb_section fb_built=&#8221;1&#8243; disabled_on=&#8221;on|off|off&#8221; admin_label=&#8221;Footer&#8221; _builder_version=&#8221;4.24.2&#8243; _module_preset=&#8221;default&#8221; background_color=&#8221;#000000&#8243; use_background_color_gradient=&#8221;on&#8221; background_color_gradient_stops=&#8221;#e30613 0%|#000000 27%&#8221; background_color_gradient_overlays_image=&#8221;on&#8221; background_enable_image=&#8221;off&#8221; background_size=&#8221;custom&#8221; background_image_height=&#8221;0%&#8221; background_position=&#8221;bottom_right&#8221; background_horizontal_offset=&#8221;0%&#8221; background_vertical_offset=&#8221;0%&#8221; background_blend=&#8221;screen&#8221; custom_padding=&#8221;160px|||||&#8221; top_divider_style=&#8221;arrow2&#8243; top_divider_color=&#8221;#000000&#8243; top_divider_arrangement=&#8221;above_content&#8221; bottom_divider_color=&#8221;#000000&#8243; bottom_divider_height=&#8221;59px&#8221; bottom_divider_arrangement=&#8221;above_content&#8221; saved_tabs=&#8221;all&#8221; locked=&#8221;off&#8221; collapsed=&#8221;on&#8221; global_colors_info=&#8221;{}&#8221;][et_pb_row column_structure=&#8221;1_2,1_4,1_4&#8243; use_custom_gutter=&#8221;on&#8221; gutter_width=&#8221;1&#8243; make_equal=&#8221;on&#8221; _builder_version=&#8221;4.24.0&#8243; _module_preset=&#8221;default&#8221; custom_padding=&#8221;0px||0px||true|false&#8221; border_color_all=&#8221;#E09900&#8243; global_colors_info=&#8221;{}&#8221;][et_pb_column type=&#8221;1_2&#8243; _builder_version=&#8221;4.24.0&#8243; _module_preset=&#8221;default&#8221; custom_padding=&#8221;40px|40px|40px|40px|true|true&#8221; custom_padding_tablet=&#8221;30px|30px|30px|30px|true|true&#8221; custom_padding_phone=&#8221;20px|20px|20px|20px|true|true&#8221; custom_padding_last_edited=&#8221;on|tablet&#8221; border_color_all=&#8221;RGBA(255,255,255,0)&#8221; border_width_right=&#8221;1px&#8221; border_width_right_tablet=&#8221;0px&#8221; border_width_right_phone=&#8221;&#8221; border_width_right_last_edited=&#8221;on|tablet&#8221; global_colors_info=&#8221;{}&#8221;][et_pb_image src=&#8221;https:\/\/mapogroup.be\/wp-content\/uploads\/2023\/12\/Mapo-Belgium-logo-wit.png&#8221; title_text=&#8221;Mapo-Belgium-logo-wit&#8221; _builder_version=&#8221;4.24.0&#8243; _module_preset=&#8221;default&#8221; custom_margin=&#8221;-7px|||||&#8221; custom_padding=&#8221;3px|6px|8px|||&#8221; global_colors_info=&#8221;{}&#8221;][\/et_pb_image][et_pb_button button_url=&#8221;@ET-DC@eyJkeW5hbWljIjp0cnVlLCJjb250ZW50IjoicG9zdF9saW5rX3VybF9hdHRhY2htZW50Iiwic2V0dGluZ3MiOnsicG9zdF9pZCI6IjgwMiJ9fQ==@&#8221; url_new_window=&#8221;on&#8221; button_text=&#8221;Algemene voorwaarden&#8221; button_alignment=&#8221;center&#8221; _builder_version=&#8221;4.24.2&#8243; _dynamic_attributes=&#8221;button_url&#8221; _module_preset=&#8221;default&#8221; custom_button=&#8221;on&#8221; button_text_size=&#8221;15px&#8221; button_text_color=&#8221;#000000&#8243; button_bg_color=&#8221;#E9492B&#8221; button_border_width=&#8221;0px&#8221; button_border_radius=&#8221;5px&#8221; global_colors_info=&#8221;{}&#8221;][\/et_pb_button][\/et_pb_column][et_pb_column type=&#8221;1_4&#8243; _builder_version=&#8221;4.24.0&#8243; _module_preset=&#8221;default&#8221; custom_padding=&#8221;40px|20px|40px|20px|true|true&#8221; custom_padding_tablet=&#8221;30px|30px|30px|30px|true|true&#8221; custom_padding_phone=&#8221;20px|20px|20px|20px|true|true&#8221; custom_padding_last_edited=&#8221;on|tablet&#8221; border_color_all=&#8221;RGBA(255,255,255,0)&#8221; border_width_right=&#8221;1px&#8221; border_width_right_tablet=&#8221;0px&#8221; border_width_right_phone=&#8221;&#8221; border_width_right_last_edited=&#8221;on|tablet&#8221; global_colors_info=&#8221;{}&#8221;][et_pb_text _builder_version=&#8221;4.24.0&#8243; _module_preset=&#8221;fb5899c1-96d7-4658-81d7-6123b00b0218&#8243; header_6_font=&#8221;Lato|700|||||||&#8221; header_6_font_size=&#8221;22px&#8221; global_colors_info=&#8221;{}&#8221;]<\/p>\n<h6>Contact<\/h6>\n<p>[\/et_pb_text][et_pb_text _builder_version=&#8221;4.24.0&#8243; _module_preset=&#8221;159f9cf8-30b1-4a8b-9b1c-5c8a10e6c585&#8243; text_font=&#8221;Lato|300|||||||&#8221; text_text_color=&#8221;#FFFFFF&#8221; custom_margin=&#8221;||32px||false|false&#8221; custom_margin_tablet=&#8221;||30px||false|false&#8221; custom_margin_phone=&#8221;&#8221; custom_margin_last_edited=&#8221;on|tablet&#8221; global_colors_info=&#8221;{}&#8221;]<\/p>\n<p style=\"text-align: left;\"><span style=\"color: #ffffff;\">Europark 1035<\/span><br \/><span style=\"color: #ffffff;\">3530 Houthalen-Helchteren<br \/>(+32) 011 60 54 93<\/span><br \/><span style=\"color: #ffffff;\">info@mapo.be<\/span><\/p>\n<p>[\/et_pb_text][et_pb_text _builder_version=&#8221;4.24.0&#8243; _module_preset=&#8221;fb5899c1-96d7-4658-81d7-6123b00b0218&#8243; header_6_font=&#8221;Lato|700|||||||&#8221; header_6_font_size=&#8221;22px&#8221; custom_margin=&#8221;0px||0px||false|false&#8221; locked=&#8221;off&#8221; global_colors_info=&#8221;{}&#8221;]<\/p>\n<h6>Openingsuren<\/h6>\n<p>[\/et_pb_text][et_pb_text _builder_version=&#8221;4.24.0&#8243; _module_preset=&#8221;159f9cf8-30b1-4a8b-9b1c-5c8a10e6c585&#8243; text_font=&#8221;Lato|300|||||||&#8221; text_text_color=&#8221;#FFFFFF&#8221; custom_margin=&#8221;||60px||false|false&#8221; custom_margin_tablet=&#8221;||30px||false|false&#8221; custom_margin_phone=&#8221;&#8221; custom_margin_last_edited=&#8221;on|tablet&#8221; locked=&#8221;off&#8221; global_colors_info=&#8221;{}&#8221;]<\/p>\n<p>MA &#8211; VR: 8u &#8211; 16u30<\/p>\n<p>[\/et_pb_text][\/et_pb_column][et_pb_column type=&#8221;1_4&#8243; _builder_version=&#8221;4.19.0&#8243; _module_preset=&#8221;default&#8221; custom_padding=&#8221;40px|20px|40px|20px|true|true&#8221; custom_padding_tablet=&#8221;30px|30px|30px|30px|true|true&#8221; custom_padding_phone=&#8221;20px|20px|20px|20px|true|true&#8221; custom_padding_last_edited=&#8221;on|tablet&#8221; global_colors_info=&#8221;{}&#8221;][et_pb_text _builder_version=&#8221;4.24.0&#8243; _module_preset=&#8221;fb5899c1-96d7-4658-81d7-6123b00b0218&#8243; header_6_font=&#8221;Lato|700|||||||&#8221; header_6_font_size=&#8221;22px&#8221; custom_margin=&#8221;0px||0px||false|false&#8221; locked=&#8221;off&#8221; global_colors_info=&#8221;{}&#8221;]<\/p>\n<h6>Links<\/h6>\n<p>[\/et_pb_text][et_pb_text _builder_version=&#8221;4.24.2&#8243; _dynamic_attributes=&#8221;link_option_url&#8221; _module_preset=&#8221;159f9cf8-30b1-4a8b-9b1c-5c8a10e6c585&#8243; text_font=&#8221;Lato|300|||||||&#8221; text_text_color=&#8221;#FFFFFF&#8221; custom_margin=&#8221;||-2px||false|false&#8221; custom_margin_tablet=&#8221;||30px||false|false&#8221; custom_margin_phone=&#8221;&#8221; custom_margin_last_edited=&#8221;on|tablet&#8221; link_option_url=&#8221;@ET-DC@eyJkeW5hbWljIjp0cnVlLCJjb250ZW50IjoicG9zdF9saW5rX3VybF9wYWdlIiwic2V0dGluZ3MiOnsicG9zdF9pZCI6IjEwIn19@&#8221; locked=&#8221;off&#8221; global_colors_info=&#8221;{}&#8221;]<\/p>\n<p>MAPO GROUP<\/p>\n<p>[\/et_pb_text][et_pb_text _builder_version=&#8221;4.24.2&#8243; _dynamic_attributes=&#8221;link_option_url&#8221; _module_preset=&#8221;159f9cf8-30b1-4a8b-9b1c-5c8a10e6c585&#8243; text_font=&#8221;Lato|300|||||||&#8221; text_text_color=&#8221;#FFFFFF&#8221; custom_margin=&#8221;||-2px||false|false&#8221; custom_margin_tablet=&#8221;||30px||false|false&#8221; custom_margin_phone=&#8221;&#8221; custom_margin_last_edited=&#8221;on|tablet&#8221; link_option_url=&#8221;@ET-DC@eyJkeW5hbWljIjp0cnVlLCJjb250ZW50IjoicG9zdF9saW5rX3VybF9wYWdlIiwic2V0dGluZ3MiOnsicG9zdF9pZCI6IjEzNSJ9fQ==@&#8221; locked=&#8221;off&#8221; global_colors_info=&#8221;{}&#8221;]<\/p>\n<p>MAPO BELGIUM<\/p>\n<p>[\/et_pb_text][et_pb_text _builder_version=&#8221;4.24.2&#8243; _dynamic_attributes=&#8221;link_option_url&#8221; _module_preset=&#8221;159f9cf8-30b1-4a8b-9b1c-5c8a10e6c585&#8243; text_font=&#8221;Lato|300|||||||&#8221; text_text_color=&#8221;#FFFFFF&#8221; custom_margin=&#8221;||-2px||false|false&#8221; custom_margin_tablet=&#8221;||30px||false|false&#8221; custom_margin_phone=&#8221;&#8221; custom_margin_last_edited=&#8221;on|tablet&#8221; link_option_url=&#8221;@ET-DC@eyJkeW5hbWljIjp0cnVlLCJjb250ZW50IjoicG9zdF9saW5rX3VybF9wYWdlIiwic2V0dGluZ3MiOnsicG9zdF9pZCI6IjE3OSJ9fQ==@&#8221; locked=&#8221;off&#8221; global_colors_info=&#8221;{}&#8221;]<\/p>\n<p>MAPO PRINT<\/p>\n<p>[\/et_pb_text][et_pb_text _builder_version=&#8221;4.24.2&#8243; _dynamic_attributes=&#8221;link_option_url&#8221; _module_preset=&#8221;159f9cf8-30b1-4a8b-9b1c-5c8a10e6c585&#8243; text_font=&#8221;Lato|300|||||||&#8221; text_text_color=&#8221;#FFFFFF&#8221; custom_margin=&#8221;||-2px||false|false&#8221; custom_margin_tablet=&#8221;||30px||false|false&#8221; custom_margin_phone=&#8221;&#8221; custom_margin_last_edited=&#8221;on|tablet&#8221; link_option_url=&#8221;@ET-DC@eyJkeW5hbWljIjp0cnVlLCJjb250ZW50IjoicG9zdF9saW5rX3VybF9wYWdlIiwic2V0dGluZ3MiOnsicG9zdF9pZCI6IjI1OCJ9fQ==@&#8221; locked=&#8221;off&#8221; global_colors_info=&#8221;{}&#8221;]<\/p>\n<p>VEPOLA<\/p>\n<p>[\/et_pb_text][et_pb_text _builder_version=&#8221;4.24.2&#8243; _dynamic_attributes=&#8221;link_option_url&#8221; _module_preset=&#8221;159f9cf8-30b1-4a8b-9b1c-5c8a10e6c585&#8243; text_font=&#8221;Lato|300|||||||&#8221; text_text_color=&#8221;#FFFFFF&#8221; custom_margin=&#8221;||-2px||false|false&#8221; custom_margin_tablet=&#8221;||30px||false|false&#8221; custom_margin_phone=&#8221;&#8221; custom_margin_last_edited=&#8221;on|tablet&#8221; link_option_url=&#8221;@ET-DC@eyJkeW5hbWljIjp0cnVlLCJjb250ZW50IjoicG9zdF9saW5rX3VybF9wYWdlIiwic2V0dGluZ3MiOnsicG9zdF9pZCI6IjI2NCJ9fQ==@&#8221; locked=&#8221;off&#8221; global_colors_info=&#8221;{}&#8221;]<\/p>\n<p>V-FINISHING<\/p>\n<p>[\/et_pb_text][et_pb_text _builder_version=&#8221;4.24.2&#8243; _dynamic_attributes=&#8221;link_option_url&#8221; _module_preset=&#8221;159f9cf8-30b1-4a8b-9b1c-5c8a10e6c585&#8243; text_font=&#8221;Lato|300|||||||&#8221; text_text_color=&#8221;#FFFFFF&#8221; custom_margin=&#8221;||-2px||false|false&#8221; custom_margin_tablet=&#8221;||30px||false|false&#8221; custom_margin_phone=&#8221;&#8221; custom_margin_last_edited=&#8221;on|tablet&#8221; link_option_url=&#8221;@ET-DC@eyJkeW5hbWljIjp0cnVlLCJjb250ZW50IjoicG9zdF9saW5rX3VybF9wYWdlIiwic2V0dGluZ3MiOnsicG9zdF9pZCI6IjI5OSJ9fQ==@&#8221; locked=&#8221;off&#8221; global_colors_info=&#8221;{}&#8221;]<\/p>\n<p>ONS TEAM<\/p>\n<p>[\/et_pb_text][et_pb_text _builder_version=&#8221;4.24.2&#8243; _dynamic_attributes=&#8221;link_option_url&#8221; _module_preset=&#8221;159f9cf8-30b1-4a8b-9b1c-5c8a10e6c585&#8243; text_font=&#8221;Lato|300|||||||&#8221; text_text_color=&#8221;#FFFFFF&#8221; custom_margin=&#8221;||-2px||false|false&#8221; custom_margin_tablet=&#8221;||30px||false|false&#8221; custom_margin_phone=&#8221;&#8221; custom_margin_last_edited=&#8221;on|tablet&#8221; link_option_url=&#8221;@ET-DC@eyJkeW5hbWljIjp0cnVlLCJjb250ZW50IjoicG9zdF9saW5rX3VybF9wYWdlIiwic2V0dGluZ3MiOnsicG9zdF9pZCI6IjMwNCJ9fQ==@&#8221; locked=&#8221;off&#8221; global_colors_info=&#8221;{}&#8221;]<\/p>\n<p>JOBS<\/p>\n<p>[\/et_pb_text][et_pb_text _builder_version=&#8221;4.24.2&#8243; _dynamic_attributes=&#8221;link_option_url&#8221; _module_preset=&#8221;159f9cf8-30b1-4a8b-9b1c-5c8a10e6c585&#8243; text_font=&#8221;Lato|300|||||||&#8221; text_text_color=&#8221;#FFFFFF&#8221; custom_margin=&#8221;||-2px||false|false&#8221; custom_margin_tablet=&#8221;||30px||false|false&#8221; custom_margin_phone=&#8221;&#8221; custom_margin_last_edited=&#8221;on|tablet&#8221; link_option_url=&#8221;@ET-DC@eyJkeW5hbWljIjp0cnVlLCJjb250ZW50IjoicG9zdF9saW5rX3VybF9wYWdlIiwic2V0dGluZ3MiOnsicG9zdF9pZCI6IjYzNiJ9fQ==@&#8221; locked=&#8221;off&#8221; global_colors_info=&#8221;{}&#8221;]<\/p>\n<p>CONTACT<\/p>\n<p>[\/et_pb_text][\/et_pb_column][\/et_pb_row][\/et_pb_section]<\/p>\n","protected":false},"excerpt":{"rendered":"<p>Welkom bij MAPO BELGIUMBij Mapo Belgium hebben we meer dan 40 jaar ervaring in het industrieel afwerken van parketvloeren, plaatmaterialen, constructiehout en gevelbekleding. De mogelijkheden zijn bijna grenzeloos: schuren, licht borstelen tot zwaar structureren, roken, verouderen, kleuren, oli\u00ebn en lakken. Onze vestiging te Houthalen-Helchteren is uitgerust met 2 automatische productielijnen die bestaan uit een lengte [&hellip;]<\/p>\n","protected":false},"author":1,"featured_media":0,"parent":0,"menu_order":0,"comment_status":"closed","ping_status":"closed","template":"","meta":{"_et_pb_use_builder":"on","_et_pb_old_content":"","_et_gb_content_width":"","iawp_total_views":1862,"footnotes":""},"difl_page_category":[],"class_list":["post-135","page","type-page","status-publish","hentry"],"_links":{"self":[{"href":"https:\/\/mapogroup.be\/nl\/wp-json\/wp\/v2\/pages\/135","targetHints":{"allow":["GET"]}}],"collection":[{"href":"https:\/\/mapogroup.be\/nl\/wp-json\/wp\/v2\/pages"}],"about":[{"href":"https:\/\/mapogroup.be\/nl\/wp-json\/wp\/v2\/types\/page"}],"author":[{"embeddable":true,"href":"https:\/\/mapogroup.be\/nl\/wp-json\/wp\/v2\/users\/1"}],"replies":[{"embeddable":true,"href":"https:\/\/mapogroup.be\/nl\/wp-json\/wp\/v2\/comments?post=135"}],"version-history":[{"count":30,"href":"https:\/\/mapogroup.be\/nl\/wp-json\/wp\/v2\/pages\/135\/revisions"}],"predecessor-version":[{"id":878,"href":"https:\/\/mapogroup.be\/nl\/wp-json\/wp\/v2\/pages\/135\/revisions\/878"}],"wp:attachment":[{"href":"https:\/\/mapogroup.be\/nl\/wp-json\/wp\/v2\/media?parent=135"}],"wp:term":[{"taxonomy":"difl_page_category","embeddable":true,"href":"https:\/\/mapogroup.be\/nl\/wp-json\/wp\/v2\/difl_page_category?post=135"}],"curies":[{"name":"wp","href":"https:\/\/api.w.org\/{rel}","templated":true}]}}