{"id":272,"date":"2024-01-26T15:53:46","date_gmt":"2024-01-26T15:53:46","guid":{"rendered":"https:\/\/mapogroup.be\/?page_id=272"},"modified":"2024-09-03T13:56:26","modified_gmt":"2024-09-03T13:56:26","slug":"diensten","status":"publish","type":"page","link":"https:\/\/mapogroup.be\/fr\/diensten\/","title":{"rendered":"Services"},"content":{"rendered":"<p>[et_pb_section fb_built=&#8221;1&#8243; inner_shadow=&#8221;on&#8221; custom_padding_last_edited=&#8221;on|phone&#8221; next_background_color=&#8221;rgba(0,0,0,0.92)&#8221; admin_label=&#8221;Header&#8221; _builder_version=&#8221;4.24.2&#8243; _module_preset=&#8221;default&#8221; background_color=&#8221;#000000&#8243; use_background_color_gradient=&#8221;on&#8221; background_color_gradient_stops=&#8221;rgba(0,0,0,0.8) 0%|rgba(0,0,0,0.5) 41%&#8221; background_color_gradient_overlays_image=&#8221;on&#8221; background_image=&#8221;https:\/\/mapogroup.be\/wp-content\/uploads\/2023\/12\/laconic-wavy-lines-liggend.jpg&#8221; parallax=&#8221;on&#8221; custom_margin=&#8221;0px||0px||true|false&#8221; custom_padding=&#8221;0px||42px||false|false&#8221; custom_padding_tablet=&#8221;0px||42px||false|false&#8221; custom_padding_phone=&#8221;||0px||false|false&#8221; bottom_divider_style=&#8221;arrow3&#8243; bottom_divider_arrangement=&#8221;above_content&#8221; bottom_divider_height_tablet=&#8221;&#8221; bottom_divider_height_phone=&#8221;44px&#8221; bottom_divider_height_last_edited=&#8221;on|phone&#8221; border_color_top=&#8221;#E09900&#8243; box_shadow_style=&#8221;preset2&#8243; locked=&#8221;off&#8221; collapsed=&#8221;off&#8221; global_colors_info=&#8221;{}&#8221;][et_pb_row _builder_version=&#8221;4.19.0&#8243; _module_preset=&#8221;default&#8221; global_colors_info=&#8221;{}&#8221;][et_pb_column type=&#8221;4_4&#8243; _builder_version=&#8221;4.19.0&#8243; _module_preset=&#8221;default&#8221; global_colors_info=&#8221;{}&#8221;][et_pb_image src=&#8221;https:\/\/mapogroup.be\/wp-content\/uploads\/2023\/12\/Mapo-Group-logo.png&#8221; title_text=&#8221;Mapo-Group-logo&#8221; align=&#8221;center&#8221; _builder_version=&#8221;4.24.2&#8243; _module_preset=&#8221;default&#8221; max_width=&#8221;100%&#8221; module_alignment=&#8221;center&#8221; height=&#8221;400px&#8221; max_height=&#8221;1000px&#8221; max_height_tablet=&#8221;1000px&#8221; max_height_phone=&#8221;140px&#8221; max_height_last_edited=&#8221;on|phone&#8221; custom_margin=&#8221;35px|||||&#8221; custom_padding=&#8221;||26px|||&#8221; animation_style=&#8221;zoom&#8221; global_colors_info=&#8221;{}&#8221;][\/et_pb_image][\/et_pb_column][\/et_pb_row][\/et_pb_section][et_pb_section fb_built=&#8221;1&#8243; admin_label=&#8221;Services&#8221; _builder_version=&#8221;4.24.0&#8243; _module_preset=&#8221;default&#8221; background_color=&#8221;rgba(0,0,0,0.92)&#8221; use_background_color_gradient=&#8221;on&#8221; background_color_gradient_stops=&#8221;#000000 1%|rgba(255,255,255,0) 11%|#000000 69%|rgba(255,255,255,0) 80%|#000000 94%&#8221; background_color_gradient_overlays_image=&#8221;on&#8221; background_enable_pattern_style=&#8221;on&#8221; background_pattern_style=&#8221;inverted-chevrons&#8221; background_pattern_color=&#8221;#000000&#8243; background_pattern_size=&#8221;cover&#8221; background_pattern_repeat_origin=&#8221;top_center&#8221; background_pattern_repeat=&#8221;repeat-x&#8221; background_pattern_blend_mode=&#8221;multiply&#8221; custom_padding=&#8221;0px||16px||false|false&#8221; collapsed=&#8221;off&#8221; global_colors_info=&#8221;{}&#8221;][et_pb_row _builder_version=&#8221;4.24.2&#8243; _module_preset=&#8221;default&#8221; global_colors_info=&#8221;{}&#8221;][et_pb_column type=&#8221;4_4&#8243; _builder_version=&#8221;4.24.2&#8243; _module_preset=&#8221;default&#8221; global_colors_info=&#8221;{}&#8221;][et_pb_text _builder_version=&#8221;4.27.0&#8243; _module_preset=&#8221;default&#8221; header_font=&#8221;&#8211;et_global_heading_font|700|||||||&#8221; header_font_size=&#8221;42px&#8221; border_color_right=&#8221;#E9492B&#8221; border_color_bottom=&#8221;gcid-primary-color&#8221; border_width_bottom=&#8221;3px&#8221; animation_style=&#8221;zoom&#8221; hover_enabled=&#8221;0&#8243; sticky_enabled=&#8221;0&#8243; locked=&#8221;off&#8221; header_text_color=&#8221;#FFFFFF&#8221; global_colors_info=&#8221;{%22gcid-primary-color%22:%91%22border_color_all%22,%22border_color_bottom%22%93}&#8221; border_color_all=&#8221;gcid-primary-color&#8221; custom_padding=&#8221;||5px||false|false&#8221; custom_margin=&#8221;||12px|||&#8221;]<\/p>\n<h1 style=\"text-align: center;\">Services<\/h1>\n<p>[\/et_pb_text][\/et_pb_column][\/et_pb_row][et_pb_row column_structure=&#8221;1_2,1_2&#8243; _builder_version=&#8221;4.19.0&#8243; _module_preset=&#8221;default&#8221; custom_padding=&#8221;2px|||||&#8221; global_colors_info=&#8221;{}&#8221;][et_pb_column type=&#8221;1_2&#8243; _builder_version=&#8221;4.19.0&#8243; _module_preset=&#8221;default&#8221; global_colors_info=&#8221;{}&#8221;][et_pb_text _builder_version=&#8221;4.24.2&#8243; _module_preset=&#8221;default&#8221; header_2_font=&#8221;Lato|700|||||||&#8221; header_2_text_color=&#8221;#E09900&#8243; header_2_font_size=&#8221;32px&#8221; header_2_text_align_tablet=&#8221;&#8221; header_2_text_align_phone=&#8221;center&#8221; header_2_text_align_last_edited=&#8221;on|phone&#8221; header_2_font_size_tablet=&#8221;32px&#8221; header_2_font_size_phone=&#8221;24px&#8221; header_2_font_size_last_edited=&#8221;on|phone&#8221; border_width_bottom=&#8221;2px&#8221; border_color_bottom=&#8221;#FFFFFF&#8221; global_colors_info=&#8221;{}&#8221;]<\/p>\n<h2><span style=\"color: #e09900;\">Vernis humide, huile et teinture<\/span><\/h2>\n<p>[\/et_pb_text][et_pb_text _builder_version=&#8221;4.24.2&#8243; _module_preset=&#8221;default&#8221; text_font=&#8221;Lato|300|||||||&#8221; text_font_size=&#8221;16px&#8221; global_colors_info=&#8221;{}&#8221;]<\/p>\n<h3><span style=\"color: #ffffff;\">Qu'est-ce que la peinture humide ?<\/span><\/h3>\n<p><span style=\"color: #ffffff;\">La peinture humide est l'application industrielle de peinture sur diff\u00e9rentes surfaces. Lors de l'application de peinture humide, nous appliquons une ou plusieurs couches de protection pour obtenir le r\u00e9sultat final souhait\u00e9. Chaque couche a sa propre fonction, par exemple l'adh\u00e9rence, la solidit\u00e9 des couleurs, la protection contre les rayures ou les UV.<\/span><br \/><span style=\"color: #ffffff;\">L'application se fait \u00e0 l'aide de pistolets manuels dans des cabines ou \u00e0 l'aide d'un pulv\u00e9risateur automatique, de rouleaux ou d'une machine de coul\u00e9e. <\/span><br \/><span style=\"color: #ffffff;\">Les possibilit\u00e9s de la laque sont infinies : mate, brillante ou textur\u00e9e dans d'innombrables couleurs.<\/span><\/p>\n<p><span style=\"color: #ffffff;\">Outre les finitions esth\u00e9tiques, nous avons de l'exp\u00e9rience dans les rev\u00eatements fonctionnels tels que les finitions ignifuges, antid\u00e9rapantes et antistatiques : voir rev\u00eatements fonctionnels.<\/span><\/p>\n<h3><span style=\"color: #ffffff;\">Huile.<\/span><\/h3>\n<p><span style=\"color: #ffffff;\">L'huile permet de mettre en valeur l'aspect naturel et unique du bois tout en le prot\u00e9geant de l'int\u00e9rieur. La structure et le grain du bois sont enti\u00e8rement pr\u00e9serv\u00e9s, tandis que vous pouvez adapter la teinte \u00e0 vos souhaits.<\/span><\/p>\n<p><span style=\"color: #ffffff;\">Nous traitons les bardages, les planches de terrasse et le bois de construction sur trois ou quatre faces afin d'assurer une protection ad\u00e9quate. Dans ce cas, nous programmons le traitement sur notre ligne de vernissage sous vide ou de pulv\u00e9risation.<\/span><\/p>\n<p><span style=\"color: #ffffff;\">Le brossage des veines avant le traitement donne plus d'aspect aux planches et souligne le caract\u00e8re naturel du bois.<\/span><\/p>\n<h3><span style=\"color: #ffffff;\">Tache<\/span><\/h3>\n<p><span style=\"color: #ffffff;\">Comme l'huile, la lasure prot\u00e8ge le bois de l'int\u00e9rieur. Gr\u00e2ce \u00e0 son effet r\u00e9gulateur d'humidit\u00e9, l'humidit\u00e9 ne peut plus p\u00e9n\u00e9trer dans le bois depuis l'ext\u00e9rieur, mais l'humidit\u00e9 d\u00e9j\u00e0 pr\u00e9sente dans le bois peut encore s'\u00e9chapper, ce qui emp\u00eache la pourriture du bois. La lasure prot\u00e8ge le bois plus longtemps et mieux que l'huile, mais donne parfois un aspect moins naturel que l'huile. <\/span><\/p>\n<p>[\/et_pb_text][\/et_pb_column][et_pb_column type=&#8221;1_2&#8243; _builder_version=&#8221;4.19.0&#8243; _module_preset=&#8221;default&#8221; global_colors_info=&#8221;{}&#8221;][et_pb_text _builder_version=&#8221;4.24.2&#8243; _module_preset=&#8221;default&#8221; header_2_font=&#8221;Lato|700|||||||&#8221; header_2_text_color=&#8221;#E09900&#8243; header_2_font_size=&#8221;32px&#8221; header_2_text_align_tablet=&#8221;&#8221; header_2_text_align_phone=&#8221;center&#8221; header_2_text_align_last_edited=&#8221;on|phone&#8221; header_2_font_size_tablet=&#8221;32px&#8221; header_2_font_size_phone=&#8221;24px&#8221; header_2_font_size_last_edited=&#8221;on|phone&#8221; border_width_bottom=&#8221;2px&#8221; border_color_bottom=&#8221;#FFFFFF&#8221; global_colors_info=&#8221;{}&#8221;]<\/p>\n<h2><span style=\"color: #e09900;\">Rev\u00eatements fonctionnels<br \/><\/span><\/h2>\n<p>[\/et_pb_text][et_pb_text _builder_version=&#8221;4.24.2&#8243; _module_preset=&#8221;default&#8221; text_font=&#8221;Lato|300|||||||&#8221; text_font_size=&#8221;16px&#8221; global_colors_info=&#8221;{}&#8221;]<\/p>\n<h3><span style=\"color: #ffffff;\">Traitements ignifuges<\/span><\/h3>\n<p><span style=\"color: #ffffff;\">L'application d'un rev\u00eatement ignifuge permet d'augmenter sensiblement la r\u00e9sistance au feu. Cela nous permet de rendre votre produit conforme aux normes europ\u00e9ennes.<\/span><\/p>\n<p><span style=\"color: #ffffff;\">Les produits en bois utilis\u00e9s \u00e0 l'ext\u00e9rieur ont toujours besoin d'une protection suppl\u00e9mentaire pour \u00e9viter que l'agent ignifuge appliqu\u00e9 ne soit lessiv\u00e9 par les intemp\u00e9ries et que le bois ne perde ainsi ses propri\u00e9t\u00e9s ignifuges. Pour un tel traitement, il est important d'\u00e9tudier soigneusement le produit et l'installation.<\/span><\/p>\n<p><span style=\"color: #ffffff;\">Nous vous offrons le soutien n\u00e9cessaire lors des diff\u00e9rentes \u00e9tapes de votre projet et vous conseillons sur le traitement n\u00e9cessaire, en fonction du produit \u00e0 traiter.<\/span><\/p>\n<h3><span style=\"color: #ffffff;\">Antid\u00e9rapant<\/span><\/h3>\n<p><span style=\"color: #ffffff;\">L'application d'un rev\u00eatement suppl\u00e9mentaire sur votre sol permet non seulement d'obtenir une surface antid\u00e9rapante, mais sert \u00e9galement de couche de protection suppl\u00e9mentaire contre l'usure. Il est possible d'appliquer un rev\u00eatement antid\u00e9rapant sur pratiquement n'importe quelle surface, avec une large gamme d'options de couleurs disponibles.<\/span><\/p>\n<p><span style=\"color: #ffffff;\">Nous nous ferons un plaisir de v\u00e9rifier avec vous quel rev\u00eatement est le plus appropri\u00e9 en fonction du type de support (bois, plastique, m\u00e9tal, etc.), de l'environnement (UV, produits chimiques, etc.) et de la finalit\u00e9 du rev\u00eatement (trafic intense, environnement hygi\u00e9nique, etc.).<\/span><\/p>\n<h3><span style=\"color: #ffffff;\">Anti-statique<\/span><\/h3>\n<p class=\"translation-block\"><span style=\"color: #ffffff\">La fonction d'une peinture antistatique est d'emp\u00eacher ou de r\u00e9duire l'accumulation d'\u00e9lectricit\u00e9 statique sur les surfaces. L'\u00e9lectricit\u00e9 statique peut se produire lorsque deux mat\u00e9riaux ayant des conductivit\u00e9s \u00e9lectriques diff\u00e9rentes entrent en contact et sont \u00e0 nouveau s\u00e9par\u00e9s. Ce ph\u00e9nom\u00e8ne peut se produire dans diverses industries et applications, telles que l'\u00e9lectronique, le graphisme ou les salles blanches, par exemple. L'application d'une laque antistatique sur les surfaces permet de r\u00e9duire le risque de r\u00e9tention des charges \u00e9lectriques. Ceci est particuli\u00e8rement important dans les situations o\u00f9 les d\u00e9charges statiques peuvent endommager les composants \u00e9lectroniques sensibles, comme lors de la fabrication et de la manipulation d'appareils \u00e9lectroniques. Les laques antistatiques peuvent \u00e9galement \u00eatre utilis\u00e9es dans des environnements o\u00f9 le risque de d\u00e9charge \u00e9lectrostatique peut \u00eatre dangereux, par exemple \u00e0 proximit\u00e9 de mat\u00e9riaux inflammables ou dans des environnements explosifs. En g\u00e9n\u00e9ral, les laques antistatiques contribuent \u00e0 r\u00e9duire le risque de charge \u00e9lectrique ind\u00e9sirable et les dommages potentiels qu'elle peut causer.<\/p>\n<p>[\/et_pb_text][\/et_pb_column][\/et_pb_row][et_pb_row column_structure=&#8221;1_2,1_2&#8243; _builder_version=&#8221;4.19.0&#8243; _module_preset=&#8221;default&#8221; custom_margin=&#8221;15px|auto||auto||&#8221; custom_padding=&#8221;2px|||||&#8221; global_colors_info=&#8221;{}&#8221;][et_pb_column type=&#8221;1_2&#8243; _builder_version=&#8221;4.19.0&#8243; _module_preset=&#8221;default&#8221; global_colors_info=&#8221;{}&#8221;][et_pb_text _builder_version=&#8221;4.24.2&#8243; _module_preset=&#8221;default&#8221; header_2_font=&#8221;Lato|700|||||||&#8221; header_2_text_color=&#8221;#E09900&#8243; header_2_font_size=&#8221;32px&#8221; header_2_text_align_tablet=&#8221;&#8221; header_2_text_align_phone=&#8221;center&#8221; header_2_text_align_last_edited=&#8221;on|phone&#8221; header_2_font_size_tablet=&#8221;32px&#8221; header_2_font_size_phone=&#8221;24px&#8221; header_2_font_size_last_edited=&#8221;on|phone&#8221; border_width_bottom=&#8221;2px&#8221; border_color_bottom=&#8221;#FFFFFF&#8221; global_colors_info=&#8221;{}&#8221;]<\/p>\n<h2><span style=\"color: #e09900;\">Impression digitale<br \/><\/span><\/h2>\n<p>[\/et_pb_text][et_pb_text _builder_version=&#8221;4.24.2&#8243; _module_preset=&#8221;default&#8221; text_font=&#8221;Lato|300|||||||&#8221; text_font_size=&#8221;16px&#8221; global_colors_info=&#8221;{}&#8221;]<\/p>\n<p><span style=\"color: #ffffff;\">Outre le laquage, nous pouvons imprimer n'importe quel dessin ou photo sur vos produits bruts ou rev\u00eatus tels que les portes int\u00e9rieures, les sols, les portes de garage, les stands d'exposition, les plateaux de table, les panneaux acoustiques, les murs \u00e0 cliquer, etc... Les possibilit\u00e9s sont infinies !<\/span><\/p>\n<p><span style=\"color: #ffffff;\">Visitez notre page Mapo Print pour plus d'informations<\/span><\/p>\n<p>[\/et_pb_text][et_pb_button button_url=&#8221;@ET-DC@eyJkeW5hbWljIjp0cnVlLCJjb250ZW50IjoicG9zdF9saW5rX3VybF9wYWdlIiwic2V0dGluZ3MiOnsicG9zdF9pZCI6IjE3OSJ9fQ==@&#8221; button_text=&#8221;MAPO PRINT&#8221; _builder_version=&#8221;4.24.2&#8243; _dynamic_attributes=&#8221;button_url&#8221; _module_preset=&#8221;default&#8221; custom_button=&#8221;on&#8221; button_text_color=&#8221;#FFFFFF&#8221; button_bg_color=&#8221;#E09900&#8243; button_border_color=&#8221;RGBA(255,255,255,0)&#8221; button_font=&#8221;Lato|700|||||||&#8221; global_colors_info=&#8221;{}&#8221;][\/et_pb_button][\/et_pb_column][et_pb_column type=&#8221;1_2&#8243; _builder_version=&#8221;4.19.0&#8243; _module_preset=&#8221;default&#8221; global_colors_info=&#8221;{}&#8221;][et_pb_text _builder_version=&#8221;4.24.2&#8243; _module_preset=&#8221;default&#8221; header_2_font=&#8221;Lato|700|||||||&#8221; header_2_text_color=&#8221;#E09900&#8243; header_2_font_size=&#8221;32px&#8221; header_2_text_align_tablet=&#8221;&#8221; header_2_text_align_phone=&#8221;center&#8221; header_2_text_align_last_edited=&#8221;on|phone&#8221; header_2_font_size_tablet=&#8221;32px&#8221; header_2_font_size_phone=&#8221;24px&#8221; header_2_font_size_last_edited=&#8221;on|phone&#8221; border_width_bottom=&#8221;2px&#8221; border_color_bottom=&#8221;#FFFFFF&#8221; global_colors_info=&#8221;{}&#8221;]<\/p>\n<h2><span style=\"color: #e09900;\">Assemblage et montage<br \/><\/span><\/h2>\n<p>[\/et_pb_text][et_pb_text _builder_version=&#8221;4.24.0&#8243; _module_preset=&#8221;default&#8221; text_font=&#8221;Lato|300|||||||&#8221; text_font_size=&#8221;16px&#8221; global_colors_info=&#8221;{}&#8221;]<\/p>\n<p><span style=\"color: #ffffff;\">Nous sommes heureux de vous d\u00e9charger de vos soucis gr\u00e2ce \u00e0 notre large gamme de services logistiques comprenant l'assemblage, l'emballage, le stockage et la distribution, afin que votre processus puisse se d\u00e9rouler le plus efficacement possible.<\/span><\/p>\n<p>[\/et_pb_text][\/et_pb_column][\/et_pb_row][\/et_pb_section][et_pb_section fb_built=&#8221;1&#8243; admin_label=&#8221;Services&#8221; _builder_version=&#8221;4.24.0&#8243; _module_preset=&#8221;default&#8221; background_color=&#8221;rgba(0,0,0,0.92)&#8221; use_background_color_gradient=&#8221;on&#8221; background_color_gradient_stops=&#8221;#000000 1%|rgba(255,255,255,0) 11%|#000000 69%|rgba(255,255,255,0) 80%|#000000 94%&#8221; background_color_gradient_overlays_image=&#8221;on&#8221; background_enable_pattern_style=&#8221;on&#8221; background_pattern_style=&#8221;inverted-chevrons&#8221; background_pattern_color=&#8221;#000000&#8243; background_pattern_size=&#8221;cover&#8221; background_pattern_repeat_origin=&#8221;top_center&#8221; background_pattern_repeat=&#8221;repeat-x&#8221; background_pattern_blend_mode=&#8221;multiply&#8221; custom_padding=&#8221;5px||||false|false&#8221; locked=&#8221;off&#8221; collapsed=&#8221;off&#8221; global_colors_info=&#8221;{}&#8221;][et_pb_row _builder_version=&#8221;4.19.0&#8243; _module_preset=&#8221;default&#8221; custom_padding=&#8221;2px|||||&#8221; global_colors_info=&#8221;{}&#8221;][et_pb_column type=&#8221;4_4&#8243; _builder_version=&#8221;4.19.0&#8243; _module_preset=&#8221;default&#8221; global_colors_info=&#8221;{}&#8221;][et_pb_text _builder_version=&#8221;4.24.2&#8243; _module_preset=&#8221;default&#8221; header_2_font=&#8221;Lato|700|||||||&#8221; header_2_text_color=&#8221;#E09900&#8243; header_2_font_size=&#8221;32px&#8221; header_2_text_align_tablet=&#8221;&#8221; header_2_text_align_phone=&#8221;center&#8221; header_2_text_align_last_edited=&#8221;on|phone&#8221; header_2_font_size_tablet=&#8221;32px&#8221; header_2_font_size_phone=&#8221;24px&#8221; header_2_font_size_last_edited=&#8221;on|phone&#8221; border_width_bottom=&#8221;2px&#8221; border_color_bottom=&#8221;#FFFFFF&#8221; global_colors_info=&#8221;{}&#8221;]<\/p>\n<h2><span style=\"color: #e09900;\">Recherche et d\u00e9veloppement<br \/><\/span><\/h2>\n<p>[\/et_pb_text][et_pb_text _builder_version=&#8221;4.24.0&#8243; _module_preset=&#8221;default&#8221; text_font=&#8221;Lato|300|||||||&#8221; text_font_size=&#8221;16px&#8221; global_colors_info=&#8221;{}&#8221;]<\/p>\n<p><span style=\"color: #ffffff;\">En tant que pionnier sur le march\u00e9 et partenaire neutre, nous sommes ouverts \u00e0 toutes les questions, qu'elles concernent le substrat ou les traitements. <br \/><\/span><\/p>\n<p><span style=\"color: #ffffff;\">Nous mettons un point d'honneur \u00e0 analyser et \u00e0 am\u00e9liorer en permanence les processus de production existants. Les exigences de nos clients en mati\u00e8re de qualit\u00e9, de durabilit\u00e9 et d'esth\u00e9tique sont d\u00e9terminantes. Ce n'est qu'ainsi que nous pouvons garantir une finition parfaite.<br \/><\/span><\/p>\n<p><span style=\"color: #ffffff;\">Nous sommes \u00e9galement en contact \u00e9troit avec de nombreux fournisseurs, car nous voulons bien s\u00fbr rester au courant des derniers d\u00e9veloppements et des techniques d'application les plus r\u00e9centes. Une finition peut \u00eatre belle, mais elle doit aussi \u00eatre attrayante, durable et dans l'air du temps.<\/span><\/p>\n<p>[\/et_pb_text][\/et_pb_column][\/et_pb_row][\/et_pb_section][et_pb_section fb_built=&#8221;1&#8243; disabled_on=&#8221;off|off|off&#8221; admin_label=&#8221;Footer&#8221; _builder_version=&#8221;4.24.2&#8243; _module_preset=&#8221;default&#8221; background_color=&#8221;#000000&#8243; use_background_color_gradient=&#8221;on&#8221; background_color_gradient_stops=&#8221;#e09900 0%|#000000 27%&#8221; background_color_gradient_overlays_image=&#8221;on&#8221; background_enable_image=&#8221;off&#8221; background_size=&#8221;custom&#8221; background_image_height=&#8221;0%&#8221; background_position=&#8221;bottom_right&#8221; background_horizontal_offset=&#8221;0%&#8221; background_vertical_offset=&#8221;0%&#8221; background_blend=&#8221;screen&#8221; custom_padding=&#8221;160px|||||&#8221; top_divider_style=&#8221;arrow2&#8243; top_divider_color=&#8221;#000000&#8243; top_divider_arrangement=&#8221;above_content&#8221; top_divider_height_tablet=&#8221;&#8221; top_divider_height_phone=&#8221;44px&#8221; top_divider_height_last_edited=&#8221;on|phone&#8221; bottom_divider_color=&#8221;#000000&#8243; bottom_divider_height=&#8221;59px&#8221; bottom_divider_arrangement=&#8221;above_content&#8221; saved_tabs=&#8221;all&#8221; locked=&#8221;off&#8221; collapsed=&#8221;on&#8221; global_colors_info=&#8221;{}&#8221;][et_pb_row column_structure=&#8221;1_2,1_2&#8243; use_custom_gutter=&#8221;on&#8221; gutter_width=&#8221;1&#8243; make_equal=&#8221;on&#8221; _builder_version=&#8221;4.24.0&#8243; _module_preset=&#8221;default&#8221; custom_padding=&#8221;0px||0px||true|false&#8221; border_color_all=&#8221;#E09900&#8243; global_colors_info=&#8221;{}&#8221;][et_pb_column type=&#8221;1_2&#8243; _builder_version=&#8221;4.24.0&#8243; _module_preset=&#8221;default&#8221; custom_padding=&#8221;40px|40px|40px|40px|true|true&#8221; custom_padding_tablet=&#8221;30px|30px|30px|30px|true|true&#8221; custom_padding_phone=&#8221;20px|20px|20px|20px|true|true&#8221; custom_padding_last_edited=&#8221;on|tablet&#8221; border_color_all=&#8221;RGBA(255,255,255,0)&#8221; border_width_right=&#8221;1px&#8221; border_width_right_tablet=&#8221;0px&#8221; border_width_right_phone=&#8221;&#8221; border_width_right_last_edited=&#8221;on|tablet&#8221; global_colors_info=&#8221;{}&#8221;][et_pb_image src=&#8221;https:\/\/mapogroup.be\/wp-content\/uploads\/2024\/01\/Mapo-Group-logo-lang.png&#8221; title_text=&#8221;Mapo-Group-logo-lang&#8221; align=&#8221;center&#8221; _builder_version=&#8221;4.24.2&#8243; _module_preset=&#8221;default&#8221; global_colors_info=&#8221;{}&#8221;][\/et_pb_image][\/et_pb_column][et_pb_column type=&#8221;1_2&#8243; _builder_version=&#8221;4.24.0&#8243; _module_preset=&#8221;default&#8221; custom_padding=&#8221;40px|20px|40px|20px|true|true&#8221; custom_padding_tablet=&#8221;30px|30px|30px|30px|true|true&#8221; custom_padding_phone=&#8221;20px|20px|20px|20px|true|true&#8221; custom_padding_last_edited=&#8221;on|tablet&#8221; border_color_all=&#8221;RGBA(255,255,255,0)&#8221; border_width_right=&#8221;1px&#8221; border_width_right_tablet=&#8221;0px&#8221; border_width_right_phone=&#8221;&#8221; border_width_right_last_edited=&#8221;on|tablet&#8221; global_colors_info=&#8221;{}&#8221;][et_pb_text content_tablet=&#8221;<\/p>\n<h6 style=\"%22text-align:\" left;%22>Suivez-nous<\/h6>\n<p>&#8221; content_phone=&#8221;<\/p>\n<h6 style=\"%22text-align:\" center;%22>Suivez-nous<\/h6>\n<p>&#8221; content_last_edited=&#8221;on|phone&#8221; _builder_version=&#8221;4.24.2&#8243; _module_preset=&#8221;fb5899c1-96d7-4658-81d7-6123b00b0218&#8243; header_6_font=&#8221;Lato|700|||||||&#8221; header_6_font_size=&#8221;22px&#8221; custom_margin=&#8221;-3px||0px||false|false&#8221; locked=&#8221;off&#8221; global_colors_info=&#8221;{}&#8221;]<\/p>\n<h6 style=\"text-align: center;\">Suivez-nous<\/h6>\n<p>[\/et_pb_text][et_pb_social_media_follow use_icon_font_size=&#8221;on&#8221; icon_font_size=&#8221;12px&#8221; _builder_version=&#8221;4.24.2&#8243; _module_preset=&#8221;default&#8221; text_orientation=&#8221;center&#8221; text_orientation_tablet=&#8221;&#8221; text_orientation_phone=&#8221;center&#8221; text_orientation_last_edited=&#8221;on|phone&#8221; border_radii=&#8221;on|100px|100px|100px|100px&#8221; border_width_all=&#8221;1px&#8221; border_color_all=&#8221;#FFFFFF&#8221; locked=&#8221;off&#8221; global_colors_info=&#8221;{}&#8221;][et_pb_social_media_follow_network social_network=&#8221;facebook&#8221; url=&#8221;https:\/\/www.facebook.com\/profile.php?id=61556646183063&#8243; _builder_version=&#8221;4.24.2&#8243; _module_preset=&#8221;default&#8221; custom_padding=&#8221;4px|4px|4px|4px|true|true&#8221; global_colors_info=&#8221;{}&#8221; follow_button=&#8221;off&#8221; url_new_window=&#8221;on&#8221;]facebook[\/et_pb_social_media_follow_network][et_pb_social_media_follow_network social_network=&#8221;linkedin&#8221; url=&#8221;https:\/\/www.linkedin.com\/company\/mapogroup\/posts\/?feedView=all&#038;viewAsMember=true&#8221; icon_color=&#8221;#FFFFFF&#8221; _builder_version=&#8221;4.24.2&#8243; _module_preset=&#8221;default&#8221; background_color=&#8221;RGBA(255,255,255,0)&#8221; background_enable_color=&#8221;on&#8221; custom_padding=&#8221;4px|4px|4px|4px|true|true&#8221; global_colors_info=&#8221;{}&#8221; follow_button=&#8221;off&#8221; url_new_window=&#8221;on&#8221;]linkedin[\/et_pb_social_media_follow_network][\/et_pb_social_media_follow][\/et_pb_column][\/et_pb_row][\/et_pb_section]<\/p>","protected":false},"excerpt":{"rendered":"<p>DienstenNatlak, olie &amp; beitsWat is natlakken? Natlakken is het industrieel aanbrengen van verf op diverse oppervlakken. Bij het natlakken brengen we \u00e9\u00e9n of meerdere beschermlagen aan om het gewenste eindresultaat te bekomen. Iedere laag heeft zijn functie en zorgt voor bv. de hechting, kleurvastheid, kras -of UV-bescherming.De applicatie gebeurt door\u00a0manuele pistoolspuiters\u00a0in cabines of door een [&hellip;]<\/p>","protected":false},"author":1,"featured_media":0,"parent":0,"menu_order":0,"comment_status":"closed","ping_status":"closed","template":"","meta":{"_et_pb_use_builder":"on","_et_pb_old_content":"","_et_gb_content_width":"","iawp_total_views":988,"footnotes":""},"difl_page_category":[],"class_list":["post-272","page","type-page","status-publish","hentry"],"_links":{"self":[{"href":"https:\/\/mapogroup.be\/fr\/wp-json\/wp\/v2\/pages\/272","targetHints":{"allow":["GET"]}}],"collection":[{"href":"https:\/\/mapogroup.be\/fr\/wp-json\/wp\/v2\/pages"}],"about":[{"href":"https:\/\/mapogroup.be\/fr\/wp-json\/wp\/v2\/types\/page"}],"author":[{"embeddable":true,"href":"https:\/\/mapogroup.be\/fr\/wp-json\/wp\/v2\/users\/1"}],"replies":[{"embeddable":true,"href":"https:\/\/mapogroup.be\/fr\/wp-json\/wp\/v2\/comments?post=272"}],"version-history":[{"count":0,"href":"https:\/\/mapogroup.be\/fr\/wp-json\/wp\/v2\/pages\/272\/revisions"}],"wp:attachment":[{"href":"https:\/\/mapogroup.be\/fr\/wp-json\/wp\/v2\/media?parent=272"}],"wp:term":[{"taxonomy":"difl_page_category","embeddable":true,"href":"https:\/\/mapogroup.be\/fr\/wp-json\/wp\/v2\/difl_page_category?post=272"}],"curies":[{"name":"wp","href":"https:\/\/api.w.org\/{rel}","templated":true}]}}