{"id":511,"date":"2024-01-29T09:43:39","date_gmt":"2024-01-29T09:43:39","guid":{"rendered":"https:\/\/mapogroup.be\/?page_id=511"},"modified":"2025-08-21T07:37:09","modified_gmt":"2025-08-21T07:37:09","slug":"hoe-futurewalls-installeren","status":"publish","type":"page","link":"https:\/\/mapogroup.be\/de\/hoe-futurewalls-installeren\/","title":{"rendered":"Hoe futurewalls installeren?"},"content":{"rendered":"<p>[et_pb_section fb_built=&#8221;1&#8243; inner_shadow=&#8221;on&#8221; next_background_color=&#8221;#FFFFFF&#8221; admin_label=&#8221;Header&#8221; _builder_version=&#8221;4.24.0&#8243; _module_preset=&#8221;default&#8221; background_color=&#8221;#000000&#8243; use_background_color_gradient=&#8221;on&#8221; background_color_gradient_stops=&#8221;rgba(0,0,0,0.8) 0%|rgba(0,0,0,0.5) 41%&#8221; background_color_gradient_overlays_image=&#8221;on&#8221; background_image=&#8221;https:\/\/mapogroup.be\/wp-content\/uploads\/2024\/01\/banner_achtergrond2.jpg&#8221; parallax=&#8221;on&#8221; custom_margin=&#8221;0px||0px||true|false&#8221; custom_padding=&#8221;0px||102px||false|false&#8221; bottom_divider_style=&#8221;arrow3&#8243; bottom_divider_arrangement=&#8221;above_content&#8221; border_color_top=&#8221;#E09900&#8243; locked=&#8221;off&#8221; collapsed=&#8221;off&#8221; global_colors_info=&#8221;{}&#8221;][et_pb_row _builder_version=&#8221;4.19.0&#8243; _module_preset=&#8221;default&#8221; global_colors_info=&#8221;{}&#8221;][et_pb_column type=&#8221;4_4&#8243; _builder_version=&#8221;4.19.0&#8243; _module_preset=&#8221;default&#8221; global_colors_info=&#8221;{}&#8221;][et_pb_image src=&#8221;https:\/\/mapogroup.be\/wp-content\/uploads\/2024\/01\/Future-Walls-logo.png&#8221; title_text=&#8221;Future Walls logo&#8221; align=&#8221;center&#8221; _builder_version=&#8221;4.24.2&#8243; _module_preset=&#8221;default&#8221; width=&#8221;50%&#8221; module_alignment=&#8221;center&#8221; min_height=&#8221;100px&#8221; max_height=&#8221;1000px&#8221; custom_margin=&#8221;8px|||||&#8221; custom_padding=&#8221;||5px|||&#8221; animation_style=&#8221;zoom&#8221; global_colors_info=&#8221;{}&#8221;][\/et_pb_image][\/et_pb_column][\/et_pb_row][et_pb_row column_structure=&#8221;3_5,2_5&#8243; _builder_version=&#8221;4.24.2&#8243; _module_preset=&#8221;default&#8221; custom_margin=&#8221;-10px|auto|0px|auto|false|false&#8221; custom_padding=&#8221;||0px|||&#8221; global_colors_info=&#8221;{}&#8221;][et_pb_column type=&#8221;3_5&#8243; _builder_version=&#8221;4.19.0&#8243; _module_preset=&#8221;default&#8221; global_colors_info=&#8221;{}&#8221;][et_pb_text _builder_version=&#8221;4.27.0&#8243; _module_preset=&#8221;default&#8221; header_font=&#8221;&#8211;et_global_heading_font|700|||||||&#8221; header_text_color=&#8221;#FFFFFF&#8221; header_font_size=&#8221;42px&#8221; animation_style=&#8221;zoom&#8221; border_color_right=&#8221;#E9492B&#8221; border_width_bottom=&#8221;3px&#8221; border_color_bottom=&#8221;#E9492B&#8221; locked=&#8221;off&#8221; global_colors_info=&#8221;{}&#8221;]<\/p>\n<h1 style=\"text-align: center;\">Geben Sie Ihrem Raum Charakter<\/h1>\n<p>[\/et_pb_text][et_pb_text _builder_version=&#8221;4.24.0&#8243; _module_preset=&#8221;default&#8221; text_font=&#8221;Lato|300|||||||&#8221; text_font_size=&#8221;23px&#8221; header_2_font=&#8221;Lato|700|||||||&#8221; header_2_font_size=&#8221;34px&#8221; header_4_font=&#8221;Lato|300|||||||&#8221; header_4_font_size=&#8221;23px&#8221; header_4_line_height=&#8221;1.2em&#8221; custom_margin=&#8221;||9px|||&#8221; animation_style=&#8221;zoom&#8221; global_colors_info=&#8221;{}&#8221;]<\/p>\n<h4 style=\"text-align: center;\" class=\"translation-block\"><span style=\"color: #ffffff\">Wir drucken Ihre Fotos auf unsere<br>Wandtafeln und liefern sie zu Ihnen nach Hause.<\/h4>\n<p><span style=\"color: #ffffff;\"><\/span><\/p>\n<p>[\/et_pb_text][\/et_pb_column][et_pb_column type=&#8221;2_5&#8243; _builder_version=&#8221;4.19.0&#8243; _module_preset=&#8221;default&#8221; global_colors_info=&#8221;{}&#8221;][et_pb_text _builder_version=&#8221;4.24.0&#8243; _module_preset=&#8221;default&#8221; text_font=&#8221;Lato||||||||&#8221; text_text_color=&#8221;#E9492B&#8221; text_font_size=&#8221;23px&#8221; text_line_height=&#8221;1.8em&#8221; header_2_font=&#8221;Lato|700|||||||&#8221; header_2_font_size=&#8221;34px&#8221; header_3_font=&#8221;Lato|300|||||||&#8221; header_3_text_color=&#8221;#FFFFFF&#8221; header_3_font_size=&#8221;24px&#8221; header_3_line_height=&#8221;1.1em&#8221; custom_margin=&#8221;||0px|||&#8221; animation_style=&#8221;fade&#8221; global_colors_info=&#8221;{}&#8221;]<\/p>\n<div class=\"banner-column\">\n<div class=\"banner-checkmark\">\n<ul>\n<li>\n<h3><span style=\"color: #ffffff;\">Einfach zu installieren<\/span><\/h3>\n<\/li>\n<li>\n<h3><span style=\"color: #ffffff;\">Pers\u00f6nlich und einzigartig<\/span><\/h3>\n<\/li>\n<li>\n<h3><span style=\"color: #ffffff;\">Kratzfest<\/span><\/h3>\n<\/li>\n<li>\n<h3><span style=\"color: #ffffff;\">Kosteneinsparung<\/span><\/h3>\n<\/li>\n<\/ul>\n<\/div>\n<\/div>\n<p>[\/et_pb_text][\/et_pb_column][\/et_pb_row][et_pb_row column_structure=&#8221;1_4,1_4,1_4,1_4&#8243; _builder_version=&#8221;4.24.2&#8243; _module_preset=&#8221;default&#8221; custom_margin=&#8221;-15px|auto|-7px|auto||&#8221; global_colors_info=&#8221;{}&#8221; locked=&#8221;off&#8221;][et_pb_column type=&#8221;1_4&#8243; _builder_version=&#8221;4.24.2&#8243; _module_preset=&#8221;default&#8221; global_colors_info=&#8221;{}&#8221;][et_pb_button button_url=&#8221;@ET-DC@eyJkeW5hbWljIjp0cnVlLCJjb250ZW50IjoicG9zdF9saW5rX3VybF9wYWdlIiwic2V0dGluZ3MiOnsicG9zdF9pZCI6IjM0NSJ9fQ==@&#8221; button_text=&#8221;Over Future Walls&#8221; button_alignment=&#8221;center&#8221; _builder_version=&#8221;4.27.4&#8243; _dynamic_attributes=&#8221;button_url&#8221; _module_preset=&#8221;default&#8221; custom_button=&#8221;on&#8221; button_text_size=&#8221;18px&#8221; button_text_color=&#8221;#FFFFFF&#8221; button_bg_color=&#8221;#E9492B&#8221; button_border_color=&#8221;RGBA(255,255,255,0)&#8221; button_font=&#8221;Lato|300|||||||&#8221; custom_padding=&#8221;15px|30px|15px|30px|true|true&#8221; hover_enabled=&#8221;0&#8243; global_colors_info=&#8221;{}&#8221; sticky_enabled=&#8221;0&#8243;][\/et_pb_button][\/et_pb_column][et_pb_column type=&#8221;1_4&#8243; _builder_version=&#8221;4.24.2&#8243; _module_preset=&#8221;default&#8221; global_colors_info=&#8221;{}&#8221;][et_pb_button button_url=&#8221;@ET-DC@eyJkeW5hbWljIjp0cnVlLCJjb250ZW50IjoicG9zdF9saW5rX3VybF9wYWdlIiwic2V0dGluZ3MiOnsicG9zdF9pZCI6IjMyNSJ9fQ==@&#8221; button_text=&#8221;Inspiratie&#8221; button_alignment=&#8221;center&#8221; _builder_version=&#8221;4.27.4&#8243; _dynamic_attributes=&#8221;button_url&#8221; _module_preset=&#8221;default&#8221; custom_button=&#8221;on&#8221; button_text_size=&#8221;18px&#8221; button_text_color=&#8221;#FFFFFF&#8221; button_bg_color=&#8221;#E9492B&#8221; button_border_color=&#8221;RGBA(255,255,255,0)&#8221; button_font=&#8221;Lato|300|||||||&#8221; custom_margin=&#8221;||0px||false|false&#8221; custom_padding=&#8221;15px|64px|15px|64px|true|true&#8221; hover_enabled=&#8221;0&#8243; global_colors_info=&#8221;{}&#8221; sticky_enabled=&#8221;0&#8243;][\/et_pb_button][\/et_pb_column][et_pb_column type=&#8221;1_4&#8243; _builder_version=&#8221;4.24.2&#8243; _module_preset=&#8221;default&#8221; global_colors_info=&#8221;{}&#8221;][et_pb_button button_url=&#8221;@ET-DC@eyJkeW5hbWljIjp0cnVlLCJjb250ZW50IjoicG9zdF9saW5rX3VybF9wYWdlIiwic2V0dGluZ3MiOnsicG9zdF9pZCI6IjUxMSJ9fQ==@&#8221; button_text=&#8221;Hoe installeren&#8221; button_alignment=&#8221;center&#8221; _builder_version=&#8221;4.27.4&#8243; _dynamic_attributes=&#8221;button_url&#8221; _module_preset=&#8221;default&#8221; custom_button=&#8221;on&#8221; button_text_size=&#8221;18px&#8221; button_text_color=&#8221;#FFFFFF&#8221; button_bg_color=&#8221;#E9492B&#8221; button_border_color=&#8221;RGBA(255,255,255,0)&#8221; button_font=&#8221;Lato|300|||||||&#8221; custom_padding=&#8221;15px|38px|15px|38px|true|true&#8221; hover_enabled=&#8221;0&#8243; global_colors_info=&#8221;{}&#8221; sticky_enabled=&#8221;0&#8243;][\/et_pb_button][\/et_pb_column][et_pb_column type=&#8221;1_4&#8243; _builder_version=&#8221;4.24.2&#8243; _module_preset=&#8221;default&#8221; global_colors_info=&#8221;{}&#8221;][et_pb_button button_url=&#8221;@ET-DC@eyJkeW5hbWljIjp0cnVlLCJjb250ZW50IjoicG9zdF9saW5rX3VybF9wYWdlIiwic2V0dGluZ3MiOnsicG9zdF9pZCI6IjMxOCJ9fQ==@&#8221; button_text=&#8221;FAQ&#8221; button_alignment=&#8221;center&#8221; _builder_version=&#8221;4.27.4&#8243; _dynamic_attributes=&#8221;button_url&#8221; _module_preset=&#8221;default&#8221; custom_button=&#8221;on&#8221; button_text_size=&#8221;18px&#8221; button_text_color=&#8221;#FFFFFF&#8221; button_bg_color=&#8221;#E9492B&#8221; button_border_color=&#8221;RGBA(255,255,255,0)&#8221; button_font=&#8221;Lato|300|||||||&#8221; custom_margin=&#8221;||0px||false|false&#8221; custom_padding=&#8221;15px|77px|15px|77px|true|true&#8221; hover_enabled=&#8221;0&#8243; global_colors_info=&#8221;{}&#8221; sticky_enabled=&#8221;0&#8243;][\/et_pb_button][\/et_pb_column][\/et_pb_row][\/et_pb_section][et_pb_section fb_built=&#8221;1&#8243; admin_label=&#8221;Services&#8221; _builder_version=&#8221;4.24.0&#8243; _module_preset=&#8221;default&#8221; background_color=&#8221;#FFFFFF&#8221; custom_padding=&#8221;63px||7px||false|false&#8221; collapsed=&#8221;off&#8221; global_colors_info=&#8221;{}&#8221;][et_pb_row _builder_version=&#8221;4.24.0&#8243; _module_preset=&#8221;default&#8221; global_colors_info=&#8221;{}&#8221;][et_pb_column type=&#8221;4_4&#8243; _builder_version=&#8221;4.24.0&#8243; _module_preset=&#8221;default&#8221; global_colors_info=&#8221;{}&#8221;][et_pb_text _builder_version=&#8221;4.27.0&#8243; _module_preset=&#8221;default&#8221; header_font=&#8221;&#8211;et_global_heading_font|700|||||||&#8221; header_text_color=&#8221;#000000&#8243; header_font_size=&#8221;42px&#8221; animation_style=&#8221;zoom&#8221; border_color_right=&#8221;#E9492B&#8221; border_width_bottom=&#8221;3px&#8221; border_color_bottom=&#8221;#E9492B&#8221; locked=&#8221;off&#8221; global_colors_info=&#8221;{}&#8221;]<\/p>\n<h1 style=\"text-align: center;\">Wie installiert man Future Walls?<\/h1>\n<p>[\/et_pb_text][et_pb_text _builder_version=&#8221;4.24.0&#8243; _module_preset=&#8221;default&#8221; global_colors_info=&#8221;{}&#8221;]<\/p>\n<h2 style=\"text-align: center;\">Einfache Installation in 6 Schritten<\/h2>\n<p>[\/et_pb_text][\/et_pb_column][\/et_pb_row][et_pb_row column_structure=&#8221;1_2,1_2&#8243; _builder_version=&#8221;4.19.0&#8243; _module_preset=&#8221;default&#8221; custom_padding=&#8221;2px|||||&#8221; global_colors_info=&#8221;{}&#8221;][et_pb_column type=&#8221;1_2&#8243; _builder_version=&#8221;4.19.0&#8243; _module_preset=&#8221;default&#8221; global_colors_info=&#8221;{}&#8221;][et_pb_blurb image=&#8221;https:\/\/mapogroup.be\/wp-content\/uploads\/2024\/01\/1.jpg&#8221; _builder_version=&#8221;4.24.0&#8243; _module_preset=&#8221;default&#8221; global_colors_info=&#8221;{}&#8221;]<\/p>\n<p>Pr\u00fcfen Sie vor Beginn mit einer Wasserwaage, ob sich der Boden von links nach rechts hebt oder senkt. Wenn er ansteigt, h\u00e4ngen Sie das erste Paneel ein paar Zentimeter h\u00f6her als den Boden. So vermeiden Sie, dass Sie bei den folgenden Paneelen unten ein St\u00fcck abs\u00e4gen m\u00fcssen.<\/p>\n<p>[\/et_pb_blurb][\/et_pb_column][et_pb_column type=&#8221;1_2&#8243; _builder_version=&#8221;4.19.0&#8243; _module_preset=&#8221;default&#8221; global_colors_info=&#8221;{}&#8221;][et_pb_blurb image=&#8221;https:\/\/mapogroup.be\/wp-content\/uploads\/2024\/01\/2.jpg&#8221; _builder_version=&#8221;4.24.0&#8243; _module_preset=&#8221;default&#8221; global_colors_info=&#8221;{}&#8221;]<\/p>\n<p>Befestigen Sie eine Unterkonstruktion aus Holzlatten an der Wand. Falls gew\u00fcnscht, k\u00f6nnen Sie zun\u00e4chst vertikale Latten anbringen. Normalerweise sind nur horizontale Latten ausreichend. Bringen Sie alle 40 cm eine Latte an.<\/p>\n<p>Vergewissern Sie sich, dass die Unterkonstruktion stabil und eben ist (sowohl vertikal als auch horizontal).<\/p>\n<p>[\/et_pb_blurb][\/et_pb_column][\/et_pb_row][et_pb_row column_structure=&#8221;1_2,1_2&#8243; _builder_version=&#8221;4.19.0&#8243; _module_preset=&#8221;default&#8221; custom_padding=&#8221;2px|||||&#8221; global_colors_info=&#8221;{}&#8221;][et_pb_column type=&#8221;1_2&#8243; _builder_version=&#8221;4.19.0&#8243; _module_preset=&#8221;default&#8221; global_colors_info=&#8221;{}&#8221;][et_pb_blurb image=&#8221;https:\/\/mapogroup.be\/wp-content\/uploads\/2024\/01\/3.jpg&#8221; _builder_version=&#8221;4.24.0&#8243; _module_preset=&#8221;default&#8221; global_colors_info=&#8221;{}&#8221;]<\/p>\n<p>Legen Sie die Platten der Reihe nach aus und nehmen Sie die rechte Platte zuerst. Falls nicht im Voraus mit uns vereinbart, k\u00fcrzen Sie die Platten auf die gew\u00fcnschte H\u00f6he.<\/p>\n<p>[\/et_pb_blurb][\/et_pb_column][et_pb_column type=&#8221;1_2&#8243; _builder_version=&#8221;4.19.0&#8243; _module_preset=&#8221;default&#8221; global_colors_info=&#8221;{}&#8221;][et_pb_blurb image=&#8221;https:\/\/mapogroup.be\/wp-content\/uploads\/2024\/01\/4.jpg&#8221; _builder_version=&#8221;4.24.0&#8243; _module_preset=&#8221;default&#8221; global_colors_info=&#8221;{}&#8221;]<\/p>\n<p>Platzieren Sie die erste Platte in der linken Ecke. Vergewissern Sie sich, dass sie rechtwinklig ausgerichtet ist. Schie\u00dfen Sie die linke Seite (1 cm vom Rand entfernt) der ersten Platte mit einer Nagelpistole auf die Holzlatten. Alternativ k\u00f6nnen Sie auch einen starken elastischen Kleber, Typ TEC7, verwenden.<\/p>\n<p>[\/et_pb_blurb][\/et_pb_column][\/et_pb_row][et_pb_row column_structure=&#8221;1_2,1_2&#8243; _builder_version=&#8221;4.19.0&#8243; _module_preset=&#8221;default&#8221; custom_padding=&#8221;2px||74px|||&#8221; global_colors_info=&#8221;{}&#8221;][et_pb_column type=&#8221;1_2&#8243; _builder_version=&#8221;4.24.0&#8243; _module_preset=&#8221;default&#8221; global_colors_info=&#8221;{}&#8221;][et_pb_blurb image=&#8221;https:\/\/mapogroup.be\/wp-content\/uploads\/2024\/01\/5.jpg&#8221; _builder_version=&#8221;4.24.0&#8243; _module_preset=&#8221;default&#8221; global_colors_info=&#8221;{}&#8221;]<\/p>\n<p>Schrauben Sie das Paneel gerade in den Klickschlitz gegen die Holzlatten. Dieser Klickschlitz wird bei der Montage des n\u00e4chsten Paneels unsichtbar. Statt zu schrauben, k\u00f6nnen Sie auch tackern oder kleben.<\/p>\n<p>- Unsere Pr\u00e4ferenz: Schrauben 3,5 mm x 16 mm (oder l\u00e4nger).<\/p>\n<p>- \u00dcben Sie keine gro\u00dfe Kraft auf die Verbindung aus, damit die Platte nicht nach innen gezogen wird.<\/p>\n<p>[\/et_pb_blurb][\/et_pb_column][et_pb_column type=&#8221;1_2&#8243; _builder_version=&#8221;4.24.0&#8243; _module_preset=&#8221;default&#8221; global_colors_info=&#8221;{}&#8221;][et_pb_blurb image=&#8221;https:\/\/mapogroup.be\/wp-content\/uploads\/2024\/01\/6.jpg&#8221; _builder_version=&#8221;4.24.0&#8243; _module_preset=&#8221;default&#8221; global_colors_info=&#8221;{}&#8221;]<\/p>\n<div class=\"banner-column\">\n<div class=\"banner-column-topic\">\n<p>Montieren Sie die anderen Platten auf die gleiche Weise. Die letzte Platte muss eventuell auf die richtige Breite ges\u00e4gt werden.<\/p>\n<\/div>\n<\/div>\n<p>[\/et_pb_blurb][\/et_pb_column][\/et_pb_row][et_pb_row _builder_version=&#8221;4.19.0&#8243; _module_preset=&#8221;default&#8221; custom_padding=&#8221;2px|||||&#8221; locked=&#8221;off&#8221; global_colors_info=&#8221;{}&#8221;][et_pb_column type=&#8221;4_4&#8243; _builder_version=&#8221;4.19.0&#8243; _module_preset=&#8221;default&#8221; global_colors_info=&#8221;{}&#8221;][et_pb_video src=&#8221;https:\/\/youtu.be\/xThzBduVnJw&#8221; _builder_version=&#8221;4.24.0&#8243; _module_preset=&#8221;default&#8221; custom_margin=&#8221;1px|||||&#8221; global_colors_info=&#8221;{}&#8221;][\/et_pb_video][\/et_pb_column][\/et_pb_row][\/et_pb_section][et_pb_section fb_built=&#8221;1&#8243; custom_padding_last_edited=&#8221;on|phone&#8221; disabled_on=&#8221;off|off|off&#8221; admin_label=&#8221;Footer&#8221; _builder_version=&#8221;4.24.2&#8243; _module_preset=&#8221;default&#8221; background_color=&#8221;#000000&#8243; use_background_color_gradient=&#8221;on&#8221; background_color_gradient_stops=&#8221;#e9492b 0%|#000000 27%&#8221; background_color_gradient_overlays_image=&#8221;on&#8221; background_enable_image=&#8221;off&#8221; background_size=&#8221;custom&#8221; background_image_height=&#8221;0%&#8221; background_position=&#8221;bottom_right&#8221; background_horizontal_offset=&#8221;0%&#8221; background_vertical_offset=&#8221;0%&#8221; background_blend=&#8221;screen&#8221; custom_padding=&#8221;91px|||||&#8221; custom_padding_tablet=&#8221;91px|||||&#8221; custom_padding_phone=&#8221;47px||||false|false&#8221; top_divider_style=&#8221;arrow2&#8243; top_divider_color=&#8221;#000000&#8243; top_divider_arrangement=&#8221;above_content&#8221; top_divider_height_tablet=&#8221;&#8221; top_divider_height_phone=&#8221;48px&#8221; top_divider_height_last_edited=&#8221;on|phone&#8221; bottom_divider_color=&#8221;#000000&#8243; bottom_divider_height=&#8221;59px&#8221; bottom_divider_arrangement=&#8221;above_content&#8221; saved_tabs=&#8221;all&#8221; locked=&#8221;off&#8221; collapsed=&#8221;on&#8221; global_colors_info=&#8221;{}&#8221;][et_pb_row column_structure=&#8221;1_3,1_3,1_3&#8243; use_custom_gutter=&#8221;on&#8221; gutter_width=&#8221;1&#8243; make_equal=&#8221;on&#8221; _builder_version=&#8221;4.24.0&#8243; _module_preset=&#8221;default&#8221; custom_padding=&#8221;0px||0px||true|false&#8221; border_color_all=&#8221;#E09900&#8243; global_colors_info=&#8221;{}&#8221;][et_pb_column type=&#8221;1_3&#8243; _builder_version=&#8221;4.24.0&#8243; _module_preset=&#8221;default&#8221; custom_padding=&#8221;40px|40px|40px|40px|true|true&#8221; custom_padding_tablet=&#8221;30px|30px|30px|30px|true|true&#8221; custom_padding_phone=&#8221;20px|20px|20px|20px|true|true&#8221; custom_padding_last_edited=&#8221;on|tablet&#8221; border_color_all=&#8221;RGBA(255,255,255,0)&#8221; border_width_right=&#8221;1px&#8221; border_width_right_tablet=&#8221;0px&#8221; border_width_right_phone=&#8221;&#8221; border_width_right_last_edited=&#8221;on|tablet&#8221; global_colors_info=&#8221;{}&#8221;][et_pb_image src=&#8221;https:\/\/mapogroup.be\/wp-content\/uploads\/2024\/01\/Future-Walls-logo.png&#8221; title_text=&#8221;Future Walls logo&#8221; show_bottom_space_tablet=&#8221;&#8221; show_bottom_space_phone=&#8221;off&#8221; show_bottom_space_last_edited=&#8221;on|phone&#8221; align_tablet=&#8221;&#8221; align_phone=&#8221;center&#8221; align_last_edited=&#8221;on|phone&#8221; _builder_version=&#8221;4.24.2&#8243; _module_preset=&#8221;default&#8221; width_tablet=&#8221;&#8221; width_phone=&#8221;100%&#8221; width_last_edited=&#8221;on|phone&#8221; max_width=&#8221;100%&#8221; min_height_tablet=&#8221;&#8221; min_height_phone=&#8221;100px&#8221; min_height_last_edited=&#8221;on|phone&#8221; height=&#8221;100px&#8221; max_height=&#8221;100px&#8221; global_colors_info=&#8221;{}&#8221;][\/et_pb_image][\/et_pb_column][et_pb_column type=&#8221;1_3&#8243; _builder_version=&#8221;4.24.0&#8243; _module_preset=&#8221;default&#8221; custom_padding=&#8221;40px|20px|40px|20px|true|true&#8221; custom_padding_tablet=&#8221;30px|30px|30px|30px|true|true&#8221; custom_padding_phone=&#8221;20px|20px|20px|20px|true|true&#8221; custom_padding_last_edited=&#8221;on|tablet&#8221; border_color_all=&#8221;RGBA(255,255,255,0)&#8221; border_width_right=&#8221;1px&#8221; border_width_right_tablet=&#8221;0px&#8221; border_width_right_phone=&#8221;&#8221; border_width_right_last_edited=&#8221;on|tablet&#8221; global_colors_info=&#8221;{}&#8221;][et_pb_text content_tablet=&#8221;<\/p>\n<h6 style=\"%22text-align:\" left;%22>Kontakt<\/h6>\n<p>&#8221; content_phone=&#8221;<\/p>\n<h6 style=\"%22text-align:\" center;%22>Kontakt<\/h6>\n<p>&#8221; content_last_edited=&#8221;on|desktop&#8221; _builder_version=&#8221;4.24.2&#8243; _module_preset=&#8221;fb5899c1-96d7-4658-81d7-6123b00b0218&#8243; header_6_font=&#8221;Lato|700|||||||&#8221; header_6_font_size=&#8221;22px&#8221; header_6_font_size_phone=&#8221;22px&#8221; global_colors_info=&#8221;{}&#8221;]<\/p>\n<h6 style=\"text-align: left;\">Kontakt<\/h6>\n<p>[\/et_pb_text][et_pb_text content_tablet=&#8221;<\/p>\n<p>Meirenstraat 8<br \/>2390 Malle<br \/>(+32) 011 60 54 93<br \/>mapoprint@mapo.be<\/p>\n<p>&#8221; content_phone=&#8221;<\/p>\n<p style=\"%22text-align:\" center;%22>Meirenstraat 8, 2390 Malle<br \/>(+32) 011 60 54 93<br \/>mapoprint@mapo.be<\/p>\n<p>&#8221; content_last_edited=&#8221;on|phone&#8221; _builder_version=&#8221;4.24.2&#8243; _module_preset=&#8221;159f9cf8-30b1-4a8b-9b1c-5c8a10e6c585&#8243; text_font=&#8221;Lato|300|||||||&#8221; text_text_color=&#8221;#FFFFFF&#8221; text_line_height=&#8221;1.7em&#8221; custom_margin=&#8221;||26px||false|false&#8221; custom_margin_tablet=&#8221;||30px||false|false&#8221; custom_margin_phone=&#8221;||-18px||false|false&#8221; custom_margin_last_edited=&#8221;on|tablet&#8221; text_font_size_phone=&#8221;16px&#8221; global_colors_info=&#8221;{}&#8221;]<\/p>\n<p>Meirenstraat 8<br \/>2390 Malle<br \/>(+32) 011 60 54 93<br \/>mapoprint@mapo.be<\/p>\n<p>[\/et_pb_text][\/et_pb_column][et_pb_column type=&#8221;1_3&#8243; _builder_version=&#8221;4.19.0&#8243; _module_preset=&#8221;default&#8221; custom_padding=&#8221;40px|20px|40px|20px|true|true&#8221; custom_padding_tablet=&#8221;30px|30px|30px|30px|true|true&#8221; custom_padding_phone=&#8221;20px|20px|20px|20px|true|true&#8221; custom_padding_last_edited=&#8221;on|tablet&#8221; global_colors_info=&#8221;{}&#8221;][et_pb_text content_tablet=&#8221;<\/p>\n<h6>\u00d6ffnungszeiten<\/h6>\n<p>&#8221; content_phone=&#8221;<\/p>\n<h6 style=\"%22text-align:\" center;%22>\u00d6ffnungszeiten<\/h6>\n<p>&#8221; content_last_edited=&#8221;on|phone&#8221; _builder_version=&#8221;4.24.2&#8243; _module_preset=&#8221;fb5899c1-96d7-4658-81d7-6123b00b0218&#8243; header_6_font=&#8221;Lato|700|||||||&#8221; header_6_font_size=&#8221;22px&#8221; custom_margin=&#8221;0px||0px||false|false&#8221; header_6_font_size_phone=&#8221;22px&#8221; locked=&#8221;off&#8221; global_colors_info=&#8221;{}&#8221;]<\/p>\n<h6>\u00d6ffnungszeiten<\/h6>\n<p>[\/et_pb_text][et_pb_text content_tablet=&#8221;<\/p>\n<p>Montag - Donnerstag: 8.00 - 16.30 Uhr.<br \/>Freitag: 8 Uhr - 14.30 Uhr<\/p>\n<p>&#8221; content_phone=&#8221;<\/p>\n<p style=\"%22text-align:\" center;%22>Montag - Donnerstag: 8.00 - 16.30 Uhr.<br \/>Freitag: 8 Uhr - 14.30 Uhr<\/p>\n<p>&#8221; content_last_edited=&#8221;on|phone&#8221; _builder_version=&#8221;4.24.2&#8243; _module_preset=&#8221;159f9cf8-30b1-4a8b-9b1c-5c8a10e6c585&#8243; text_font=&#8221;Lato|300|||||||&#8221; text_text_color=&#8221;#FFFFFF&#8221; text_line_height=&#8221;1.7em&#8221; custom_margin=&#8221;||60px||false|false&#8221; custom_margin_tablet=&#8221;||30px||false|false&#8221; custom_margin_phone=&#8221;&#8221; custom_margin_last_edited=&#8221;on|tablet&#8221; text_font_size_phone=&#8221;16px&#8221; locked=&#8221;off&#8221; global_colors_info=&#8221;{}&#8221;]<\/p>\n<p>Montag - Donnerstag: 8.00 - 16.30 Uhr.<br \/>Freitag: 8 Uhr - 14.30 Uhr<\/p>\n<p>[\/et_pb_text][\/et_pb_column][\/et_pb_row][\/et_pb_section]<\/p>","protected":false},"excerpt":{"rendered":"<p>Geef karakter aan je ruimteWij printen je foto&#8217;s op onzewandpanelen en leveren ze aan huis. Eenvoudig te installeren Gepersonaliseerd en uniek Krasbestendig Kostenbesparend Hoe Future Walls installeren?Eenvoudig zelf te plaatsen in 6 stappenVooraleer te beginnen ga met een waterpas na of de vloer stijgt of daalt van links naar rechts. Indien hij stijgt, hang het [&hellip;]<\/p>","protected":false},"author":1,"featured_media":0,"parent":0,"menu_order":0,"comment_status":"closed","ping_status":"closed","template":"","meta":{"_et_pb_use_builder":"on","_et_pb_old_content":"","_et_gb_content_width":"","iawp_total_views":90,"footnotes":""},"difl_page_category":[],"class_list":["post-511","page","type-page","status-publish","hentry"],"_links":{"self":[{"href":"https:\/\/mapogroup.be\/de\/wp-json\/wp\/v2\/pages\/511","targetHints":{"allow":["GET"]}}],"collection":[{"href":"https:\/\/mapogroup.be\/de\/wp-json\/wp\/v2\/pages"}],"about":[{"href":"https:\/\/mapogroup.be\/de\/wp-json\/wp\/v2\/types\/page"}],"author":[{"embeddable":true,"href":"https:\/\/mapogroup.be\/de\/wp-json\/wp\/v2\/users\/1"}],"replies":[{"embeddable":true,"href":"https:\/\/mapogroup.be\/de\/wp-json\/wp\/v2\/comments?post=511"}],"version-history":[{"count":0,"href":"https:\/\/mapogroup.be\/de\/wp-json\/wp\/v2\/pages\/511\/revisions"}],"wp:attachment":[{"href":"https:\/\/mapogroup.be\/de\/wp-json\/wp\/v2\/media?parent=511"}],"wp:term":[{"taxonomy":"difl_page_category","embeddable":true,"href":"https:\/\/mapogroup.be\/de\/wp-json\/wp\/v2\/difl_page_category?post=511"}],"curies":[{"name":"wp","href":"https:\/\/api.w.org\/{rel}","templated":true}]}}