{"id":272,"date":"2024-01-26T15:53:46","date_gmt":"2024-01-26T15:53:46","guid":{"rendered":"https:\/\/mapogroup.be\/?page_id=272"},"modified":"2024-09-03T13:56:26","modified_gmt":"2024-09-03T13:56:26","slug":"diensten","status":"publish","type":"page","link":"https:\/\/mapogroup.be\/de\/diensten\/","title":{"rendered":"Dienste"},"content":{"rendered":"<p>[et_pb_section fb_built=&#8221;1&#8243; inner_shadow=&#8221;on&#8221; custom_padding_last_edited=&#8221;on|phone&#8221; next_background_color=&#8221;rgba(0,0,0,0.92)&#8221; admin_label=&#8221;Header&#8221; _builder_version=&#8221;4.24.2&#8243; _module_preset=&#8221;default&#8221; background_color=&#8221;#000000&#8243; use_background_color_gradient=&#8221;on&#8221; background_color_gradient_stops=&#8221;rgba(0,0,0,0.8) 0%|rgba(0,0,0,0.5) 41%&#8221; background_color_gradient_overlays_image=&#8221;on&#8221; background_image=&#8221;https:\/\/mapogroup.be\/wp-content\/uploads\/2023\/12\/laconic-wavy-lines-liggend.jpg&#8221; parallax=&#8221;on&#8221; custom_margin=&#8221;0px||0px||true|false&#8221; custom_padding=&#8221;0px||42px||false|false&#8221; custom_padding_tablet=&#8221;0px||42px||false|false&#8221; custom_padding_phone=&#8221;||0px||false|false&#8221; bottom_divider_style=&#8221;arrow3&#8243; bottom_divider_arrangement=&#8221;above_content&#8221; bottom_divider_height_tablet=&#8221;&#8221; bottom_divider_height_phone=&#8221;44px&#8221; bottom_divider_height_last_edited=&#8221;on|phone&#8221; border_color_top=&#8221;#E09900&#8243; box_shadow_style=&#8221;preset2&#8243; locked=&#8221;off&#8221; collapsed=&#8221;off&#8221; global_colors_info=&#8221;{}&#8221;][et_pb_row _builder_version=&#8221;4.19.0&#8243; _module_preset=&#8221;default&#8221; global_colors_info=&#8221;{}&#8221;][et_pb_column type=&#8221;4_4&#8243; _builder_version=&#8221;4.19.0&#8243; _module_preset=&#8221;default&#8221; global_colors_info=&#8221;{}&#8221;][et_pb_image src=&#8221;https:\/\/mapogroup.be\/wp-content\/uploads\/2023\/12\/Mapo-Group-logo.png&#8221; title_text=&#8221;Mapo-Group-logo&#8221; align=&#8221;center&#8221; _builder_version=&#8221;4.24.2&#8243; _module_preset=&#8221;default&#8221; max_width=&#8221;100%&#8221; module_alignment=&#8221;center&#8221; height=&#8221;400px&#8221; max_height=&#8221;1000px&#8221; max_height_tablet=&#8221;1000px&#8221; max_height_phone=&#8221;140px&#8221; max_height_last_edited=&#8221;on|phone&#8221; custom_margin=&#8221;35px|||||&#8221; custom_padding=&#8221;||26px|||&#8221; animation_style=&#8221;zoom&#8221; global_colors_info=&#8221;{}&#8221;][\/et_pb_image][\/et_pb_column][\/et_pb_row][\/et_pb_section][et_pb_section fb_built=&#8221;1&#8243; admin_label=&#8221;Services&#8221; _builder_version=&#8221;4.24.0&#8243; _module_preset=&#8221;default&#8221; background_color=&#8221;rgba(0,0,0,0.92)&#8221; use_background_color_gradient=&#8221;on&#8221; background_color_gradient_stops=&#8221;#000000 1%|rgba(255,255,255,0) 11%|#000000 69%|rgba(255,255,255,0) 80%|#000000 94%&#8221; background_color_gradient_overlays_image=&#8221;on&#8221; background_enable_pattern_style=&#8221;on&#8221; background_pattern_style=&#8221;inverted-chevrons&#8221; background_pattern_color=&#8221;#000000&#8243; background_pattern_size=&#8221;cover&#8221; background_pattern_repeat_origin=&#8221;top_center&#8221; background_pattern_repeat=&#8221;repeat-x&#8221; background_pattern_blend_mode=&#8221;multiply&#8221; custom_padding=&#8221;0px||16px||false|false&#8221; collapsed=&#8221;off&#8221; global_colors_info=&#8221;{}&#8221;][et_pb_row _builder_version=&#8221;4.24.2&#8243; _module_preset=&#8221;default&#8221; global_colors_info=&#8221;{}&#8221;][et_pb_column type=&#8221;4_4&#8243; _builder_version=&#8221;4.24.2&#8243; _module_preset=&#8221;default&#8221; global_colors_info=&#8221;{}&#8221;][et_pb_text _builder_version=&#8221;4.27.0&#8243; _module_preset=&#8221;default&#8221; header_font=&#8221;&#8211;et_global_heading_font|700|||||||&#8221; header_font_size=&#8221;42px&#8221; border_color_right=&#8221;#E9492B&#8221; border_color_bottom=&#8221;gcid-primary-color&#8221; border_width_bottom=&#8221;3px&#8221; animation_style=&#8221;zoom&#8221; hover_enabled=&#8221;0&#8243; sticky_enabled=&#8221;0&#8243; locked=&#8221;off&#8221; header_text_color=&#8221;#FFFFFF&#8221; global_colors_info=&#8221;{%22gcid-primary-color%22:%91%22border_color_all%22,%22border_color_bottom%22%93}&#8221; border_color_all=&#8221;gcid-primary-color&#8221; custom_padding=&#8221;||5px||false|false&#8221; custom_margin=&#8221;||12px|||&#8221;]<\/p>\n<h1 style=\"text-align: center;\">Dienste<\/h1>\n<p>[\/et_pb_text][\/et_pb_column][\/et_pb_row][et_pb_row column_structure=&#8221;1_2,1_2&#8243; _builder_version=&#8221;4.19.0&#8243; _module_preset=&#8221;default&#8221; custom_padding=&#8221;2px|||||&#8221; global_colors_info=&#8221;{}&#8221;][et_pb_column type=&#8221;1_2&#8243; _builder_version=&#8221;4.19.0&#8243; _module_preset=&#8221;default&#8221; global_colors_info=&#8221;{}&#8221;][et_pb_text _builder_version=&#8221;4.24.2&#8243; _module_preset=&#8221;default&#8221; header_2_font=&#8221;Lato|700|||||||&#8221; header_2_text_color=&#8221;#E09900&#8243; header_2_font_size=&#8221;32px&#8221; header_2_text_align_tablet=&#8221;&#8221; header_2_text_align_phone=&#8221;center&#8221; header_2_text_align_last_edited=&#8221;on|phone&#8221; header_2_font_size_tablet=&#8221;32px&#8221; header_2_font_size_phone=&#8221;24px&#8221; header_2_font_size_last_edited=&#8221;on|phone&#8221; border_width_bottom=&#8221;2px&#8221; border_color_bottom=&#8221;#FFFFFF&#8221; global_colors_info=&#8221;{}&#8221;]<\/p>\n<h2><span style=\"color: #e09900;\">Nasslacke, \u00d6le und Beizen<\/span><\/h2>\n<p>[\/et_pb_text][et_pb_text _builder_version=&#8221;4.24.2&#8243; _module_preset=&#8221;default&#8221; text_font=&#8221;Lato|300|||||||&#8221; text_font_size=&#8221;16px&#8221; global_colors_info=&#8221;{}&#8221;]<\/p>\n<h3><span style=\"color: #ffffff;\">Was ist Nasslackierung?<\/span><\/h3>\n<p><span style=\"color: #ffffff;\">Nasslackierung ist das industrielle Auftragen von Farbe auf verschiedene Oberfl\u00e4chen. Beim Nasslackieren tragen wir eine oder mehrere Schutzschichten auf, um das gew\u00fcnschte Endergebnis zu erzielen. Jede Schicht hat ihre eigene Funktion, z. B. f\u00fcr Haftung, Farbechtheit, Kratzfestigkeit oder UV-Schutz.<\/span><br \/><span style=\"color: #ffffff;\">Das Auftragen erfolgt durch manuelle Spritzpistolen in Kabinen oder durch automatische Spr\u00fchger\u00e4te, Walzen oder eine Gie\u00dfmaschine. <\/span><br \/><span style=\"color: #ffffff;\">Die M\u00f6glichkeiten des Lacks sind endlos: matt, gl\u00e4nzend oder strukturiert in unz\u00e4hligen Farben.<\/span><\/p>\n<p><span style=\"color: #ffffff;\">Neben \u00e4sthetischen Beschichtungen haben wir auch Erfahrung mit funktionellen Beschichtungen wie feuerfesten, rutschfesten und antistatischen Beschichtungen: siehe funktionelle Beschichtungen.<\/span><\/p>\n<h3><span style=\"color: #ffffff;\">\u00d6l<\/span><\/h3>\n<p><span style=\"color: #ffffff;\">Mit \u00d6l k\u00f6nnen wir das nat\u00fcrliche, einzigartige Aussehen des Holzes hervorheben und es gleichzeitig von innen heraus sch\u00fctzen. Die Struktur und Maserung des Holzes bleiben vollst\u00e4ndig erhalten, w\u00e4hrend Sie den Farbton nach Ihren W\u00fcnschen anpassen k\u00f6nnen.<\/span><\/p>\n<p><span style=\"color: #ffffff;\">Wir behandeln Verkleidungen, Terrassendielen und Bauholz auf drei oder vier Seiten, um einen angemessenen Schutz zu gew\u00e4hrleisten. In diesem Fall planen wir die Behandlung auf unserer Vakuumbeschichtungsanlage oder Spr\u00fchanlage.<\/span><\/p>\n<p><span style=\"color: #ffffff;\">Das Ausb\u00fcrsten der Maserung vor der Behandlung verleiht den Brettern ein sch\u00f6neres Aussehen und unterstreicht den nat\u00fcrlichen Charakter des Holzes.<\/span><\/p>\n<h3><span style=\"color: #ffffff;\">Beize<\/span><\/h3>\n<p><span style=\"color: #ffffff;\">Wie \u00d6l sch\u00fctzt die Beize das Holz von innen. Dank ihrer feuchtigkeitsregulierenden Wirkung kann die Feuchtigkeit nicht mehr von au\u00dfen in das Holz eindringen, aber die bereits im Holz vorhandene Feuchtigkeit kann immer noch entweichen, wodurch Holzf\u00e4ule verhindert wird. Beize sch\u00fctzt das Holz l\u00e4nger und besser als \u00d6l, verleiht ihm aber manchmal ein weniger nat\u00fcrliches Aussehen als \u00d6l. <\/span><\/p>\n<p>[\/et_pb_text][\/et_pb_column][et_pb_column type=&#8221;1_2&#8243; _builder_version=&#8221;4.19.0&#8243; _module_preset=&#8221;default&#8221; global_colors_info=&#8221;{}&#8221;][et_pb_text _builder_version=&#8221;4.24.2&#8243; _module_preset=&#8221;default&#8221; header_2_font=&#8221;Lato|700|||||||&#8221; header_2_text_color=&#8221;#E09900&#8243; header_2_font_size=&#8221;32px&#8221; header_2_text_align_tablet=&#8221;&#8221; header_2_text_align_phone=&#8221;center&#8221; header_2_text_align_last_edited=&#8221;on|phone&#8221; header_2_font_size_tablet=&#8221;32px&#8221; header_2_font_size_phone=&#8221;24px&#8221; header_2_font_size_last_edited=&#8221;on|phone&#8221; border_width_bottom=&#8221;2px&#8221; border_color_bottom=&#8221;#FFFFFF&#8221; global_colors_info=&#8221;{}&#8221;]<\/p>\n<h2><span style=\"color: #e09900;\">Funktionelle Beschichtungen<br \/><\/span><\/h2>\n<p>[\/et_pb_text][et_pb_text _builder_version=&#8221;4.24.2&#8243; _module_preset=&#8221;default&#8221; text_font=&#8221;Lato|300|||||||&#8221; text_font_size=&#8221;16px&#8221; global_colors_info=&#8221;{}&#8221;]<\/p>\n<h3><span style=\"color: #ffffff;\">Feuerhemmende Behandlungen<\/span><\/h3>\n<p><span style=\"color: #ffffff;\">Durch das Aufbringen einer feuerhemmenden Beschichtung kann die Feuerbest\u00e4ndigkeit deutlich erh\u00f6ht werden. So k\u00f6nnen wir Ihr Produkt mit den europ\u00e4ischen Normen in Einklang bringen.<\/span><\/p>\n<p><span style=\"color: #ffffff;\">Holzprodukte, die im Freien verwendet werden, ben\u00f6tigen immer einen zus\u00e4tzlichen Schutz, um zu verhindern, dass das aufgetragene Feuerschutzmittel durch Witterungseinfl\u00fcsse aus dem Holz ausgelaugt wird und das Holz dadurch seine feuerhemmenden Eigenschaften verliert. F\u00fcr eine solche Behandlung ist es wichtig, das Produkt und die Installation gr\u00fcndlich zu untersuchen.<\/span><\/p>\n<p><span style=\"color: #ffffff;\">Wir bieten Ihnen die n\u00f6tige Unterst\u00fctzung in den verschiedenen Phasen Ihres Projekts und beraten Sie je nach dem zu behandelnden Produkt \u00fcber die erforderliche Behandlung.<\/span><\/p>\n<h3><span style=\"color: #ffffff;\">Rutschfest<\/span><\/h3>\n<p><span style=\"color: #ffffff;\">Das Auftragen einer zus\u00e4tzlichen Beschichtung auf Ihren Boden sorgt nicht nur f\u00fcr eine rutschfeste Oberfl\u00e4che, sondern dient auch als zus\u00e4tzliche Schutzschicht gegen Abnutzung und Verschlei\u00df. Es ist m\u00f6glich, eine rutschhemmende Beschichtung auf praktisch jede Oberfl\u00e4che aufzutragen, wobei eine breite Palette von Farboptionen zur Verf\u00fcgung steht.<\/span><\/p>\n<p><span style=\"color: #ffffff;\">Wir pr\u00fcfen gerne mit Ihnen, welche Beschichtung je nach Art des Untergrunds (Holz, Kunststoff, Metall usw.), der Umgebung (UV, Chemikalien usw.) und des Verwendungszwecks der Beschichtung (starker Verkehr, hygienische Umgebung usw.) am besten geeignet ist.<\/span><\/p>\n<h3><span style=\"color: #ffffff;\">Antistatisch<\/span><\/h3>\n<p class=\"translation-block\"><span style=\"color: #ffffff\">Die Funktion einer antistatischen Farbe besteht darin, den Aufbau und die Ansammlung statischer Elektrizit\u00e4t auf Oberfl\u00e4chen zu verhindern oder zu verringern. Statische Elektrizit\u00e4t kann entstehen, wenn zwei Materialien mit unterschiedlichen elektrischen Leitf\u00e4higkeiten in Kontakt kommen und wieder getrennt werden. Dies kann in verschiedenen Branchen und Anwendungen vorkommen, z. B. in der Elektronik, Grafik oder in Reinr\u00e4umen. Durch das Auftragen eines Antistatiklacks auf Oberfl\u00e4chen wird die M\u00f6glichkeit der Speicherung elektrischer Ladungen verringert. Dies ist besonders wichtig in Situationen, in denen statische Entladungen Sch\u00e4den an empfindlichen elektronischen Bauteilen verursachen k\u00f6nnen, z. B. bei der Herstellung und Handhabung elektronischer Ger\u00e4te. Antistatiklacke k\u00f6nnen auch in Umgebungen verwendet werden, in denen das Risiko einer elektrostatischen Entladung gef\u00e4hrlich sein kann, z. B. in der N\u00e4he von entflammbaren Materialien oder in explosionsgef\u00e4hrdeten Umgebungen. Generell tragen antistatische Lacke dazu bei, das Risiko unerw\u00fcnschter elektrischer Aufladung und der damit verbundenen m\u00f6glichen Sch\u00e4den zu verringern.<\/p>\n<p>[\/et_pb_text][\/et_pb_column][\/et_pb_row][et_pb_row column_structure=&#8221;1_2,1_2&#8243; _builder_version=&#8221;4.19.0&#8243; _module_preset=&#8221;default&#8221; custom_margin=&#8221;15px|auto||auto||&#8221; custom_padding=&#8221;2px|||||&#8221; global_colors_info=&#8221;{}&#8221;][et_pb_column type=&#8221;1_2&#8243; _builder_version=&#8221;4.19.0&#8243; _module_preset=&#8221;default&#8221; global_colors_info=&#8221;{}&#8221;][et_pb_text _builder_version=&#8221;4.24.2&#8243; _module_preset=&#8221;default&#8221; header_2_font=&#8221;Lato|700|||||||&#8221; header_2_text_color=&#8221;#E09900&#8243; header_2_font_size=&#8221;32px&#8221; header_2_text_align_tablet=&#8221;&#8221; header_2_text_align_phone=&#8221;center&#8221; header_2_text_align_last_edited=&#8221;on|phone&#8221; header_2_font_size_tablet=&#8221;32px&#8221; header_2_font_size_phone=&#8221;24px&#8221; header_2_font_size_last_edited=&#8221;on|phone&#8221; border_width_bottom=&#8221;2px&#8221; border_color_bottom=&#8221;#FFFFFF&#8221; global_colors_info=&#8221;{}&#8221;]<\/p>\n<h2><span style=\"color: #e09900;\">Digitaler Druck<br \/><\/span><\/h2>\n<p>[\/et_pb_text][et_pb_text _builder_version=&#8221;4.24.2&#8243; _module_preset=&#8221;default&#8221; text_font=&#8221;Lato|300|||||||&#8221; text_font_size=&#8221;16px&#8221; global_colors_info=&#8221;{}&#8221;]<\/p>\n<p><span style=\"color: #ffffff;\">Neben der Lackierung k\u00f6nnen wir jedes Design oder Foto auf Ihre rohen oder beschichteten Produkte drucken, wie z.B. Innent\u00fcren, Fu\u00dfb\u00f6den, Garagentore, Messest\u00e4nde, Tischplatten, Akustikpaneele, Clickwall, usw... Die M\u00f6glichkeiten sind endlos!<\/span><\/p>\n<p><span style=\"color: #ffffff;\">Besuchen Sie unsere Mapo Print Seite f\u00fcr weitere Informationen<\/span><\/p>\n<p>[\/et_pb_text][et_pb_button button_url=&#8221;@ET-DC@eyJkeW5hbWljIjp0cnVlLCJjb250ZW50IjoicG9zdF9saW5rX3VybF9wYWdlIiwic2V0dGluZ3MiOnsicG9zdF9pZCI6IjE3OSJ9fQ==@&#8221; button_text=&#8221;MAPO PRINT&#8221; _builder_version=&#8221;4.24.2&#8243; _dynamic_attributes=&#8221;button_url&#8221; _module_preset=&#8221;default&#8221; custom_button=&#8221;on&#8221; button_text_color=&#8221;#FFFFFF&#8221; button_bg_color=&#8221;#E09900&#8243; button_border_color=&#8221;RGBA(255,255,255,0)&#8221; button_font=&#8221;Lato|700|||||||&#8221; global_colors_info=&#8221;{}&#8221;][\/et_pb_button][\/et_pb_column][et_pb_column type=&#8221;1_2&#8243; _builder_version=&#8221;4.19.0&#8243; _module_preset=&#8221;default&#8221; global_colors_info=&#8221;{}&#8221;][et_pb_text _builder_version=&#8221;4.24.2&#8243; _module_preset=&#8221;default&#8221; header_2_font=&#8221;Lato|700|||||||&#8221; header_2_text_color=&#8221;#E09900&#8243; header_2_font_size=&#8221;32px&#8221; header_2_text_align_tablet=&#8221;&#8221; header_2_text_align_phone=&#8221;center&#8221; header_2_text_align_last_edited=&#8221;on|phone&#8221; header_2_font_size_tablet=&#8221;32px&#8221; header_2_font_size_phone=&#8221;24px&#8221; header_2_font_size_last_edited=&#8221;on|phone&#8221; border_width_bottom=&#8221;2px&#8221; border_color_bottom=&#8221;#FFFFFF&#8221; global_colors_info=&#8221;{}&#8221;]<\/p>\n<h2><span style=\"color: #e09900;\">Zusammenbau und Montage<br \/><\/span><\/h2>\n<p>[\/et_pb_text][et_pb_text _builder_version=&#8221;4.24.0&#8243; _module_preset=&#8221;default&#8221; text_font=&#8221;Lato|300|||||||&#8221; text_font_size=&#8221;16px&#8221; global_colors_info=&#8221;{}&#8221;]<\/p>\n<p><span style=\"color: #ffffff;\">Damit Ihr Prozess so effizient wie m\u00f6glich abl\u00e4uft, entlasten wir Sie gerne mit unserem breiten Angebot an Logistikdienstleistungen wie Montage, Verpackung, Lagerung und Distribution.<\/span><\/p>\n<p>[\/et_pb_text][\/et_pb_column][\/et_pb_row][\/et_pb_section][et_pb_section fb_built=&#8221;1&#8243; admin_label=&#8221;Services&#8221; _builder_version=&#8221;4.24.0&#8243; _module_preset=&#8221;default&#8221; background_color=&#8221;rgba(0,0,0,0.92)&#8221; use_background_color_gradient=&#8221;on&#8221; background_color_gradient_stops=&#8221;#000000 1%|rgba(255,255,255,0) 11%|#000000 69%|rgba(255,255,255,0) 80%|#000000 94%&#8221; background_color_gradient_overlays_image=&#8221;on&#8221; background_enable_pattern_style=&#8221;on&#8221; background_pattern_style=&#8221;inverted-chevrons&#8221; background_pattern_color=&#8221;#000000&#8243; background_pattern_size=&#8221;cover&#8221; background_pattern_repeat_origin=&#8221;top_center&#8221; background_pattern_repeat=&#8221;repeat-x&#8221; background_pattern_blend_mode=&#8221;multiply&#8221; custom_padding=&#8221;5px||||false|false&#8221; locked=&#8221;off&#8221; collapsed=&#8221;off&#8221; global_colors_info=&#8221;{}&#8221;][et_pb_row _builder_version=&#8221;4.19.0&#8243; _module_preset=&#8221;default&#8221; custom_padding=&#8221;2px|||||&#8221; global_colors_info=&#8221;{}&#8221;][et_pb_column type=&#8221;4_4&#8243; _builder_version=&#8221;4.19.0&#8243; _module_preset=&#8221;default&#8221; global_colors_info=&#8221;{}&#8221;][et_pb_text _builder_version=&#8221;4.24.2&#8243; _module_preset=&#8221;default&#8221; header_2_font=&#8221;Lato|700|||||||&#8221; header_2_text_color=&#8221;#E09900&#8243; header_2_font_size=&#8221;32px&#8221; header_2_text_align_tablet=&#8221;&#8221; header_2_text_align_phone=&#8221;center&#8221; header_2_text_align_last_edited=&#8221;on|phone&#8221; header_2_font_size_tablet=&#8221;32px&#8221; header_2_font_size_phone=&#8221;24px&#8221; header_2_font_size_last_edited=&#8221;on|phone&#8221; border_width_bottom=&#8221;2px&#8221; border_color_bottom=&#8221;#FFFFFF&#8221; global_colors_info=&#8221;{}&#8221;]<\/p>\n<h2><span style=\"color: #e09900;\">Forschung und Entwicklung<br \/><\/span><\/h2>\n<p>[\/et_pb_text][et_pb_text _builder_version=&#8221;4.24.0&#8243; _module_preset=&#8221;default&#8221; text_font=&#8221;Lato|300|||||||&#8221; text_font_size=&#8221;16px&#8221; global_colors_info=&#8221;{}&#8221;]<\/p>\n<p><span style=\"color: #ffffff;\">Als Pionier auf dem Markt und neutraler Partner haben wir ein offenes Ohr f\u00fcr alle Fragen, egal ob sie den Untergrund oder die Behandlungen betreffen. <br \/><\/span><\/p>\n<p><span style=\"color: #ffffff;\">Es ist f\u00fcr uns Ehrensache, bestehende Produktionsprozesse st\u00e4ndig zu analysieren und zu verbessern. Dabei sind die Anforderungen unserer Kunden an Qualit\u00e4t, Haltbarkeit und \u00c4sthetik entscheidend. Nur so k\u00f6nnen wir das perfekte Finish garantieren.<br \/><\/span><\/p>\n<p><span style=\"color: #ffffff;\">Au\u00dferdem stehen wir in engem Kontakt mit vielen verschiedenen Lieferanten, denn wir wollen nat\u00fcrlich \u00fcber die neuesten Entwicklungen und Anwendungstechniken auf dem Laufenden bleiben. Eine Oberfl\u00e4che kann sch\u00f6n sein, aber sie muss auch attraktiv und haltbar sein und dem Zeitgeist entsprechen.<\/span><\/p>\n<p>[\/et_pb_text][\/et_pb_column][\/et_pb_row][\/et_pb_section][et_pb_section fb_built=&#8221;1&#8243; disabled_on=&#8221;off|off|off&#8221; admin_label=&#8221;Footer&#8221; _builder_version=&#8221;4.24.2&#8243; _module_preset=&#8221;default&#8221; background_color=&#8221;#000000&#8243; use_background_color_gradient=&#8221;on&#8221; background_color_gradient_stops=&#8221;#e09900 0%|#000000 27%&#8221; background_color_gradient_overlays_image=&#8221;on&#8221; background_enable_image=&#8221;off&#8221; background_size=&#8221;custom&#8221; background_image_height=&#8221;0%&#8221; background_position=&#8221;bottom_right&#8221; background_horizontal_offset=&#8221;0%&#8221; background_vertical_offset=&#8221;0%&#8221; background_blend=&#8221;screen&#8221; custom_padding=&#8221;160px|||||&#8221; top_divider_style=&#8221;arrow2&#8243; top_divider_color=&#8221;#000000&#8243; top_divider_arrangement=&#8221;above_content&#8221; top_divider_height_tablet=&#8221;&#8221; top_divider_height_phone=&#8221;44px&#8221; top_divider_height_last_edited=&#8221;on|phone&#8221; bottom_divider_color=&#8221;#000000&#8243; bottom_divider_height=&#8221;59px&#8221; bottom_divider_arrangement=&#8221;above_content&#8221; saved_tabs=&#8221;all&#8221; locked=&#8221;off&#8221; collapsed=&#8221;on&#8221; global_colors_info=&#8221;{}&#8221;][et_pb_row column_structure=&#8221;1_2,1_2&#8243; use_custom_gutter=&#8221;on&#8221; gutter_width=&#8221;1&#8243; make_equal=&#8221;on&#8221; _builder_version=&#8221;4.24.0&#8243; _module_preset=&#8221;default&#8221; custom_padding=&#8221;0px||0px||true|false&#8221; border_color_all=&#8221;#E09900&#8243; global_colors_info=&#8221;{}&#8221;][et_pb_column type=&#8221;1_2&#8243; _builder_version=&#8221;4.24.0&#8243; _module_preset=&#8221;default&#8221; custom_padding=&#8221;40px|40px|40px|40px|true|true&#8221; custom_padding_tablet=&#8221;30px|30px|30px|30px|true|true&#8221; custom_padding_phone=&#8221;20px|20px|20px|20px|true|true&#8221; custom_padding_last_edited=&#8221;on|tablet&#8221; border_color_all=&#8221;RGBA(255,255,255,0)&#8221; border_width_right=&#8221;1px&#8221; border_width_right_tablet=&#8221;0px&#8221; border_width_right_phone=&#8221;&#8221; border_width_right_last_edited=&#8221;on|tablet&#8221; global_colors_info=&#8221;{}&#8221;][et_pb_image src=&#8221;https:\/\/mapogroup.be\/wp-content\/uploads\/2024\/01\/Mapo-Group-logo-lang.png&#8221; title_text=&#8221;Mapo-Group-logo-lang&#8221; align=&#8221;center&#8221; _builder_version=&#8221;4.24.2&#8243; _module_preset=&#8221;default&#8221; global_colors_info=&#8221;{}&#8221;][\/et_pb_image][\/et_pb_column][et_pb_column type=&#8221;1_2&#8243; _builder_version=&#8221;4.24.0&#8243; _module_preset=&#8221;default&#8221; custom_padding=&#8221;40px|20px|40px|20px|true|true&#8221; custom_padding_tablet=&#8221;30px|30px|30px|30px|true|true&#8221; custom_padding_phone=&#8221;20px|20px|20px|20px|true|true&#8221; custom_padding_last_edited=&#8221;on|tablet&#8221; border_color_all=&#8221;RGBA(255,255,255,0)&#8221; border_width_right=&#8221;1px&#8221; border_width_right_tablet=&#8221;0px&#8221; border_width_right_phone=&#8221;&#8221; border_width_right_last_edited=&#8221;on|tablet&#8221; global_colors_info=&#8221;{}&#8221;][et_pb_text content_tablet=&#8221;<\/p>\n<h6 style=\"%22text-align:\" left;%22>Folgen Sie uns<\/h6>\n<p>&#8221; content_phone=&#8221;<\/p>\n<h6 style=\"%22text-align:\" center;%22>Folgen Sie uns<\/h6>\n<p>&#8221; content_last_edited=&#8221;on|phone&#8221; _builder_version=&#8221;4.24.2&#8243; _module_preset=&#8221;fb5899c1-96d7-4658-81d7-6123b00b0218&#8243; header_6_font=&#8221;Lato|700|||||||&#8221; header_6_font_size=&#8221;22px&#8221; custom_margin=&#8221;-3px||0px||false|false&#8221; locked=&#8221;off&#8221; global_colors_info=&#8221;{}&#8221;]<\/p>\n<h6 style=\"text-align: center;\">Folgen Sie uns<\/h6>\n<p>[\/et_pb_text][et_pb_social_media_follow use_icon_font_size=&#8221;on&#8221; icon_font_size=&#8221;12px&#8221; _builder_version=&#8221;4.24.2&#8243; _module_preset=&#8221;default&#8221; text_orientation=&#8221;center&#8221; text_orientation_tablet=&#8221;&#8221; text_orientation_phone=&#8221;center&#8221; text_orientation_last_edited=&#8221;on|phone&#8221; border_radii=&#8221;on|100px|100px|100px|100px&#8221; border_width_all=&#8221;1px&#8221; border_color_all=&#8221;#FFFFFF&#8221; locked=&#8221;off&#8221; global_colors_info=&#8221;{}&#8221;][et_pb_social_media_follow_network social_network=&#8221;facebook&#8221; url=&#8221;https:\/\/www.facebook.com\/profile.php?id=61556646183063&#8243; _builder_version=&#8221;4.24.2&#8243; _module_preset=&#8221;default&#8221; custom_padding=&#8221;4px|4px|4px|4px|true|true&#8221; global_colors_info=&#8221;{}&#8221; follow_button=&#8221;off&#8221; url_new_window=&#8221;on&#8221;]facebook[\/et_pb_social_media_follow_network][et_pb_social_media_follow_network social_network=&#8221;linkedin&#8221; url=&#8221;https:\/\/www.linkedin.com\/company\/mapogroup\/posts\/?feedView=all&#038;viewAsMember=true&#8221; icon_color=&#8221;#FFFFFF&#8221; _builder_version=&#8221;4.24.2&#8243; _module_preset=&#8221;default&#8221; background_color=&#8221;RGBA(255,255,255,0)&#8221; background_enable_color=&#8221;on&#8221; custom_padding=&#8221;4px|4px|4px|4px|true|true&#8221; global_colors_info=&#8221;{}&#8221; follow_button=&#8221;off&#8221; url_new_window=&#8221;on&#8221;]linkedin[\/et_pb_social_media_follow_network][\/et_pb_social_media_follow][\/et_pb_column][\/et_pb_row][\/et_pb_section]<\/p>","protected":false},"excerpt":{"rendered":"<p>DienstenNatlak, olie &amp; beitsWat is natlakken? Natlakken is het industrieel aanbrengen van verf op diverse oppervlakken. Bij het natlakken brengen we \u00e9\u00e9n of meerdere beschermlagen aan om het gewenste eindresultaat te bekomen. Iedere laag heeft zijn functie en zorgt voor bv. de hechting, kleurvastheid, kras -of UV-bescherming.De applicatie gebeurt door\u00a0manuele pistoolspuiters\u00a0in cabines of door een [&hellip;]<\/p>","protected":false},"author":1,"featured_media":0,"parent":0,"menu_order":0,"comment_status":"closed","ping_status":"closed","template":"","meta":{"_et_pb_use_builder":"on","_et_pb_old_content":"","_et_gb_content_width":"","iawp_total_views":1001,"footnotes":""},"difl_page_category":[],"class_list":["post-272","page","type-page","status-publish","hentry"],"_links":{"self":[{"href":"https:\/\/mapogroup.be\/de\/wp-json\/wp\/v2\/pages\/272","targetHints":{"allow":["GET"]}}],"collection":[{"href":"https:\/\/mapogroup.be\/de\/wp-json\/wp\/v2\/pages"}],"about":[{"href":"https:\/\/mapogroup.be\/de\/wp-json\/wp\/v2\/types\/page"}],"author":[{"embeddable":true,"href":"https:\/\/mapogroup.be\/de\/wp-json\/wp\/v2\/users\/1"}],"replies":[{"embeddable":true,"href":"https:\/\/mapogroup.be\/de\/wp-json\/wp\/v2\/comments?post=272"}],"version-history":[{"count":0,"href":"https:\/\/mapogroup.be\/de\/wp-json\/wp\/v2\/pages\/272\/revisions"}],"wp:attachment":[{"href":"https:\/\/mapogroup.be\/de\/wp-json\/wp\/v2\/media?parent=272"}],"wp:term":[{"taxonomy":"difl_page_category","embeddable":true,"href":"https:\/\/mapogroup.be\/de\/wp-json\/wp\/v2\/difl_page_category?post=272"}],"curies":[{"name":"wp","href":"https:\/\/api.w.org\/{rel}","templated":true}]}}