{"id":179,"date":"2024-01-26T10:23:32","date_gmt":"2024-01-26T10:23:32","guid":{"rendered":"https:\/\/mapogroup.be\/?page_id=179"},"modified":"2024-09-09T16:02:20","modified_gmt":"2024-09-09T16:02:20","slug":"mapo-print","status":"publish","type":"page","link":"https:\/\/mapogroup.be\/de\/mapo-print\/","title":{"rendered":"MAPO PRINT"},"content":{"rendered":"<p>[et_pb_section fb_built=&#8221;1&#8243; inner_shadow=&#8221;on&#8221; next_background_color=&#8221;rgba(0,0,0,0.92)&#8221; admin_label=&#8221;Header&#8221; _builder_version=&#8221;4.24.0&#8243; _module_preset=&#8221;default&#8221; background_color=&#8221;#000000&#8243; use_background_color_gradient=&#8221;on&#8221; background_color_gradient_stops=&#8221;rgba(0,0,0,0.8) 0%|rgba(0,0,0,0.5) 41%&#8221; background_color_gradient_overlays_image=&#8221;on&#8221; background_image=&#8221;https:\/\/mapogroup.be\/wp-content\/uploads\/2023\/12\/laconic-wavy-lines-liggend.jpg&#8221; parallax=&#8221;on&#8221; custom_margin=&#8221;0px||0px||true|false&#8221; custom_padding=&#8221;0px||42px||false|false&#8221; bottom_divider_style=&#8221;arrow3&#8243; bottom_divider_arrangement=&#8221;above_content&#8221; border_color_top=&#8221;#E09900&#8243; box_shadow_style=&#8221;preset2&#8243; locked=&#8221;off&#8221; collapsed=&#8221;off&#8221; global_colors_info=&#8221;{}&#8221;][et_pb_row _builder_version=&#8221;4.19.0&#8243; _module_preset=&#8221;default&#8221; global_colors_info=&#8221;{}&#8221;][et_pb_column type=&#8221;4_4&#8243; _builder_version=&#8221;4.19.0&#8243; _module_preset=&#8221;default&#8221; global_colors_info=&#8221;{}&#8221;][et_pb_image src=&#8221;https:\/\/mapogroup.be\/wp-content\/uploads\/2024\/01\/Mapo-Group-logo-kop.png&#8221; title_text=&#8221;Mapo-Group-logo-kop&#8221; align=&#8221;center&#8221; _builder_version=&#8221;4.24.2&#8243; _module_preset=&#8221;default&#8221; max_width=&#8221;100%&#8221; module_alignment=&#8221;center&#8221; height=&#8221;400px&#8221; max_height=&#8221;1000px&#8221; custom_margin=&#8221;35px|||||&#8221; custom_padding=&#8221;||26px|||&#8221; animation_style=&#8221;zoom&#8221; global_colors_info=&#8221;{}&#8221;][\/et_pb_image][\/et_pb_column][\/et_pb_row][\/et_pb_section][et_pb_section fb_built=&#8221;1&#8243; admin_label=&#8221;Services&#8221; _builder_version=&#8221;4.24.0&#8243; _module_preset=&#8221;default&#8221; background_color=&#8221;rgba(0,0,0,0.92)&#8221; use_background_color_gradient=&#8221;on&#8221; background_color_gradient_stops=&#8221;#000000 1%|rgba(255,255,255,0) 11%|#000000 69%|rgba(255,255,255,0) 80%|#000000 94%&#8221; background_color_gradient_overlays_image=&#8221;on&#8221; background_enable_pattern_style=&#8221;on&#8221; background_pattern_style=&#8221;inverted-chevrons&#8221; background_pattern_color=&#8221;#000000&#8243; background_pattern_size=&#8221;cover&#8221; background_pattern_repeat_origin=&#8221;top_center&#8221; background_pattern_repeat=&#8221;repeat-x&#8221; background_pattern_blend_mode=&#8221;multiply&#8221; custom_padding=&#8221;63px||||false|false&#8221; collapsed=&#8221;off&#8221; global_colors_info=&#8221;{}&#8221;][et_pb_row _builder_version=&#8221;4.19.0&#8243; _module_preset=&#8221;default&#8221; global_colors_info=&#8221;{}&#8221;][et_pb_column type=&#8221;4_4&#8243; _builder_version=&#8221;4.19.0&#8243; _module_preset=&#8221;default&#8221; global_colors_info=&#8221;{}&#8221;][et_pb_text _builder_version=&#8221;4.27.0&#8243; _module_preset=&#8221;default&#8221; header_font=&#8221;&#8211;et_global_heading_font|700|||||||&#8221; header_text_color=&#8221;#FFFFFF&#8221; header_font_size=&#8221;42px&#8221; custom_margin=&#8221;||9px|||&#8221; custom_padding=&#8221;||5px||false|false&#8221; animation_style=&#8221;zoom&#8221; border_color_all=&#8221;gcid-primary-color&#8221; border_color_right=&#8221;#E9492B&#8221; border_width_bottom=&#8221;3px&#8221; border_color_bottom=&#8221;gcid-primary-color&#8221; locked=&#8221;off&#8221; global_colors_info=&#8221;{%22gcid-primary-color%22:%91%22border_color_all%22,%22border_color_bottom%22%93}&#8221;]<\/p>\n<h1 style=\"text-align: center;\">Willkommen bei <br \/>MAPO PRINT<\/h1>\n<p>[\/et_pb_text][\/et_pb_column][\/et_pb_row][et_pb_row column_structure=&#8221;1_3,2_3&#8243; _builder_version=&#8221;4.19.0&#8243; _module_preset=&#8221;default&#8221; custom_padding=&#8221;2px||8px|||&#8221; global_colors_info=&#8221;{}&#8221;][et_pb_column type=&#8221;1_3&#8243; _builder_version=&#8221;4.19.0&#8243; _module_preset=&#8221;default&#8221; global_colors_info=&#8221;{}&#8221;][et_pb_image src=&#8221;https:\/\/mapogroup.be\/wp-content\/uploads\/2024\/01\/IMG_4731.jpg&#8221; title_text=&#8221;IMG_4731&#8243; _builder_version=&#8221;4.24.0&#8243; _module_preset=&#8221;default&#8221; border_radii=&#8221;off|20px||20px|&#8221; border_width_all=&#8221;2px&#8221; border_color_all=&#8221;#E09900&#8243; global_colors_info=&#8221;{}&#8221;][\/et_pb_image][\/et_pb_column][et_pb_column type=&#8221;2_3&#8243; _builder_version=&#8221;4.24.0&#8243; _module_preset=&#8221;default&#8221; global_colors_info=&#8221;{}&#8221;][et_pb_text _builder_version=&#8221;4.24.0&#8243; _module_preset=&#8221;default&#8221; text_font=&#8221;Lato|300|||||||&#8221; text_font_size=&#8221;16px&#8221; global_colors_info=&#8221;{}&#8221;]<\/p>\n<p class=\"translation-block\"><span style=\"color: #ffffff\">Wer \u00fcber Veredelung spricht, kommt im heutigen Zeitalter nicht mehr ohne Digitaldruck aus. Auch daf\u00fcr haben wir innerhalb der MAPO GROUP eine L\u00f6sung. Dank unseres RHO1000L-Druckers bieten wir <strong>einzigartige Druckarbeiten auf allen Arten von Plattenmaterialien.<\/strong><\/p>\n<p><span style=\"color: #ffffff;\">Neben der Lackierung k\u00f6nnen wir jedes beliebige Muster, Design oder Foto auf Ihre rohen oder beschichteten Produkte drucken, wie z.B. Innent\u00fcren, Fu\u00dfb\u00f6den, Garagentore, Messest\u00e4nde, Tischplatten, Akustikplatten, Clicwall, usw... Die M\u00f6glichkeiten sind endlos! <\/span><br \/><span style=\"color: #ffffff;\">Die UV-Lackierung macht die Drucke enorm haltbar, sie sind kratzfest und abwaschbar.<\/span><\/p>\n<p><span style=\"color: #ffffff;\">Wir drucken sowohl f\u00fcr Privatkunden als auch f\u00fcr professionelle Kunden, darunter Einzelhandels- und Hotelketten, Messebauer und Innenausstattungsunternehmen.<\/span><\/p>\n<p>[\/et_pb_text][\/et_pb_column][\/et_pb_row][\/et_pb_section][et_pb_section fb_built=&#8221;1&#8243; specialty=&#8221;on&#8221; _builder_version=&#8221;4.24.0&#8243; _module_preset=&#8221;default&#8221; background_color=&#8221;#000000&#8243; custom_padding=&#8221;8px|||||&#8221; global_colors_info=&#8221;{}&#8221;][et_pb_column type=&#8221;1_2&#8243; specialty_columns=&#8221;2&#8243; _builder_version=&#8221;4.16&#8243; custom_padding=&#8221;|||&#8221; global_colors_info=&#8221;{}&#8221; custom_padding__hover=&#8221;|||&#8221;][et_pb_row_inner _builder_version=&#8221;4.24.0&#8243; _module_preset=&#8221;default&#8221; global_colors_info=&#8221;{}&#8221;][et_pb_column_inner saved_specialty_column_type=&#8221;1_2&#8243; _builder_version=&#8221;4.24.0&#8243; _module_preset=&#8221;default&#8221; global_colors_info=&#8221;{}&#8221;][et_pb_text _builder_version=&#8221;4.24.0&#8243; _module_preset=&#8221;default&#8221; text_font=&#8221;Lato|300|||||||&#8221; text_text_color=&#8221;#E09900&#8243; text_font_size=&#8221;16px&#8221; header_font=&#8221;|600||on|||||&#8221; header_text_color=&#8221;#E09900&#8243; global_colors_info=&#8221;{}&#8221;]<\/p>\n<h1><span style=\"color: #ffffff;\">Future walls<\/span><\/h1>\n<p>&nbsp;<\/p>\n<p class=\"translation-block\"><span style=\"color: #ffffff\">Wir bieten unser eigenes nahtloses Klicksystem an: FutureWalls. Mit FutureWalls k\u00f6nnen Sie ganz einfach bestehende W\u00e4nde auffrischen oder eine neue (Trenn-)Wand installieren, mit unbegrenzter Breite und H\u00f6he. Aber vor allem: Sie w\u00e4hlen die Atmosph\u00e4re, die Sie erleben m\u00f6chten! Ihr pers\u00f6nlicher Aufdruck auf den FutureWall-Paneelen ist der letzte Schliff.<\/p>\n<p class=\"translation-block\"><span style=\"color: #ffffff\">Sie k\u00f6nnen Ihr eigenes Foto ausw\u00e4hlen oder eines aus einer Bilddatenbank herunterladen. Unser Grafiker unterst\u00fctzt Sie gerne bei der Suche und sorgt daf\u00fcr, dass Ihr Bild in den richtigen Proportionen gedruckt wird. Dank des nahtlosen \u00dcbergangs der FutureWall wird Ihr Druck ein sch\u00f6nes Ganzes bilden.<\/p>\n<p><span style=\"color: #ffffff;\"><strong>Diese Platten bieten einen gro\u00dfen Vorteil gegen\u00fcber herk\u00f6mmlichen Gipsplatten:<\/strong> <\/span><br \/><span style=\"color: #ffffff;\"><\/span><\/p>\n<ul>\n<li><span style=\"color: #ffffff;\">Sie ist einzigartig und pers\u00f6nlich gestaltet<\/span><br \/><span style=\"color: #ffffff;\"><\/span><\/li>\n<li><span style=\"color: #ffffff;\">Es ist einfach, schnell und staubfrei zu installieren<\/span><br \/><span style=\"color: #ffffff;\"><\/span><\/li>\n<li><span style=\"color: #ffffff;\">Dank der UV-Beschichtung ist sie kratzfest und abwaschbar.<\/span><br \/><span style=\"color: #ffffff;\"><\/span><\/li>\n<li><span style=\"color: #ffffff;\">Es ist nachhaltig: 100% wiederverwendetes Holz + wiederverwendbar<\/span><\/li>\n<\/ul>\n<p><span style=\"color: #000000;\">\u00a0<\/span><\/p>\n<p>[\/et_pb_text][\/et_pb_column_inner][\/et_pb_row_inner][et_pb_row_inner column_structure=&#8221;1_2,1_2&#8243; _builder_version=&#8221;4.24.0&#8243; _module_preset=&#8221;default&#8221; global_colors_info=&#8221;{}&#8221;][et_pb_column_inner type=&#8221;1_2&#8243; saved_specialty_column_type=&#8221;1_2&#8243; _builder_version=&#8221;4.24.0&#8243; _module_preset=&#8221;default&#8221; global_colors_info=&#8221;{}&#8221;][et_pb_button button_url=&#8221;@ET-DC@eyJkeW5hbWljIjp0cnVlLCJjb250ZW50IjoicG9zdF9saW5rX3VybF9wYWdlIiwic2V0dGluZ3MiOnsicG9zdF9pZCI6IjIzNCJ9fQ==@&#8221; button_text=&#8221;Naar de site&#8221; button_alignment=&#8221;center&#8221; _builder_version=&#8221;4.27.0&#8243; _dynamic_attributes=&#8221;button_url&#8221; _module_preset=&#8221;default&#8221; custom_button=&#8221;on&#8221; button_text_color=&#8221;#FFFFFF&#8221; button_bg_color=&#8221;#E09900&#8243; button_border_width=&#8221;0px&#8221; button_border_radius=&#8221;10px&#8221; button_font=&#8221;Lato|700|||||||&#8221; button_icon=&#8221;&#x24;||divi||400&#8243; global_colors_info=&#8221;{}&#8221;][\/et_pb_button][\/et_pb_column_inner][et_pb_column_inner type=&#8221;1_2&#8243; saved_specialty_column_type=&#8221;1_2&#8243; _builder_version=&#8221;4.24.0&#8243; _module_preset=&#8221;default&#8221; global_colors_info=&#8221;{}&#8221;][et_pb_image src=&#8221;https:\/\/mapogroup.be\/wp-content\/uploads\/2024\/01\/Future-Walls-logo.png&#8221; title_text=&#8221;Future Walls logo&#8221; force_fullwidth=&#8221;on&#8221; _builder_version=&#8221;4.24.0&#8243; _module_preset=&#8221;default&#8221; custom_margin=&#8221;-12px|36px||-24px|false|false&#8221; custom_padding=&#8221;|0px|0px||false|false&#8221; global_colors_info=&#8221;{}&#8221;][\/et_pb_image][\/et_pb_column_inner][\/et_pb_row_inner][\/et_pb_column][et_pb_column type=&#8221;1_2&#8243; _builder_version=&#8221;4.16&#8243; custom_padding=&#8221;|||&#8221; global_colors_info=&#8221;{}&#8221; custom_padding__hover=&#8221;|||&#8221;][difl_contentcarousel item_desktop=&#8221;1&#8243; centered_slides=&#8221;on&#8221; loop=&#8221;on&#8221; autoplay=&#8221;on&#8221; pause_hover=&#8221;on&#8221; dots=&#8221;on&#8221; equal_height=&#8221;on&#8221; use_lightbox=&#8221;on&#8221; use_lightbox_title=&#8221;on&#8221; arrow_color=&#8221;#E09900&#8243; arrow_background=&#8221;RGBA(255,255,255,0)&#8221; arrow_circle=&#8221;on&#8221; dots_color=&#8221;rgba(255,255,255,0.24)&#8221; active_dots_color=&#8221;#E09900&#8243; wrapper_padding=&#8221;11px||||false|false&#8221; item_wrapper_margin=&#8221;0px||-75px||false|false&#8221; image_wrapper_margin=&#8221;0px||||false|false&#8221; image_wrapper_padding=&#8221;0px||0px||false|false&#8221; _builder_version=&#8221;4.24.0&#8243; _module_preset=&#8221;default&#8221; cc_content_font=&#8221;Lato|300|||||||&#8221; border_radii=&#8221;off|30px||30px|&#8221; border_width_all=&#8221;2px&#8221; border_color_all=&#8221;#E09900&#8243; locked=&#8221;off&#8221; global_colors_info=&#8221;{}&#8221;][difl_contentcarouselitem title=&#8221;Mapo 1&#8243; sub_title=&#8221;test 1&#8243; df_cci_image=&#8221;https:\/\/mapogroup.be\/wp-content\/uploads\/2024\/01\/Vloer-OSB-en-wandprint-rotated.jpg&#8221; df_cci_use_icon=&#8221;off&#8221; df_cci_full_width=&#8221;on&#8221; cc_button_button_url_new_window=&#8221;1&#8243; _builder_version=&#8221;4.24.0&#8243; _module_preset=&#8221;default&#8221; module_alignment=&#8221;center&#8221; global_colors_info=&#8221;{}&#8221;][\/difl_contentcarouselitem][difl_contentcarouselitem title=&#8221;Mapo 1&#8243; sub_title=&#8221;test 1&#8243; df_cci_image=&#8221;https:\/\/mapogroup.be\/wp-content\/uploads\/2024\/01\/IMG_4728-rotated.jpg&#8221; df_cci_use_icon=&#8221;off&#8221; df_cci_full_width=&#8221;on&#8221; cc_button_button_url_new_window=&#8221;1&#8243; _builder_version=&#8221;4.24.0&#8243; _module_preset=&#8221;default&#8221; module_alignment=&#8221;center&#8221; global_colors_info=&#8221;{}&#8221;][\/difl_contentcarouselitem][difl_contentcarouselitem title=&#8221;Mapo 1&#8243; sub_title=&#8221;test 1&#8243; df_cci_image=&#8221;https:\/\/mapogroup.be\/wp-content\/uploads\/2024\/01\/IMG_4725-rotated.jpg&#8221; df_cci_use_icon=&#8221;off&#8221; df_cci_full_width=&#8221;on&#8221; cc_button_button_url_new_window=&#8221;1&#8243; _builder_version=&#8221;4.24.0&#8243; _module_preset=&#8221;default&#8221; module_alignment=&#8221;center&#8221; global_colors_info=&#8221;{}&#8221;][\/difl_contentcarouselitem][\/difl_contentcarousel][\/et_pb_column][\/et_pb_section][et_pb_section fb_built=&#8221;1&#8243; disabled_on=&#8221;off|off|off&#8221; admin_label=&#8221;Footer&#8221; _builder_version=&#8221;4.24.0&#8243; _module_preset=&#8221;default&#8221; background_color=&#8221;#000000&#8243; use_background_color_gradient=&#8221;on&#8221; background_color_gradient_stops=&#8221;#a5c83f 0%|#000000 27%&#8221; background_color_gradient_overlays_image=&#8221;on&#8221; background_enable_image=&#8221;off&#8221; background_size=&#8221;custom&#8221; background_image_height=&#8221;0%&#8221; background_position=&#8221;bottom_right&#8221; background_horizontal_offset=&#8221;0%&#8221; background_vertical_offset=&#8221;0%&#8221; background_blend=&#8221;screen&#8221; custom_padding=&#8221;160px|||||&#8221; top_divider_style=&#8221;arrow2&#8243; top_divider_color=&#8221;#000000&#8243; top_divider_arrangement=&#8221;above_content&#8221; bottom_divider_color=&#8221;#000000&#8243; bottom_divider_height=&#8221;59px&#8221; bottom_divider_arrangement=&#8221;above_content&#8221; saved_tabs=&#8221;all&#8221; locked=&#8221;off&#8221; collapsed=&#8221;on&#8221; global_colors_info=&#8221;{}&#8221;][et_pb_row column_structure=&#8221;1_2,1_4,1_4&#8243; use_custom_gutter=&#8221;on&#8221; gutter_width=&#8221;1&#8243; make_equal=&#8221;on&#8221; _builder_version=&#8221;4.24.0&#8243; _module_preset=&#8221;default&#8221; custom_padding=&#8221;0px||0px||true|false&#8221; border_color_all=&#8221;#E09900&#8243; global_colors_info=&#8221;{}&#8221;][et_pb_column type=&#8221;1_2&#8243; _builder_version=&#8221;4.24.0&#8243; _module_preset=&#8221;default&#8221; custom_padding=&#8221;40px|40px|40px|40px|true|true&#8221; custom_padding_tablet=&#8221;30px|30px|30px|30px|true|true&#8221; custom_padding_phone=&#8221;20px|20px|20px|20px|true|true&#8221; custom_padding_last_edited=&#8221;on|tablet&#8221; border_color_all=&#8221;RGBA(255,255,255,0)&#8221; border_width_right=&#8221;1px&#8221; border_width_right_tablet=&#8221;0px&#8221; border_width_right_phone=&#8221;&#8221; border_width_right_last_edited=&#8221;on|tablet&#8221; global_colors_info=&#8221;{}&#8221;][et_pb_image src=&#8221;https:\/\/mapogroup.be\/wp-content\/uploads\/2023\/12\/Mapo-Print-logo-wit.png&#8221; title_text=&#8221;Mapo-Print-logo-wit&#8221; _builder_version=&#8221;4.24.0&#8243; _module_preset=&#8221;default&#8221; custom_margin=&#8221;-7px|||||&#8221; custom_padding=&#8221;3px|6px|8px|||&#8221; global_colors_info=&#8221;{}&#8221;][\/et_pb_image][\/et_pb_column][et_pb_column type=&#8221;1_4&#8243; _builder_version=&#8221;4.24.0&#8243; _module_preset=&#8221;default&#8221; custom_padding=&#8221;40px|20px|40px|20px|true|true&#8221; custom_padding_tablet=&#8221;30px|30px|30px|30px|true|true&#8221; custom_padding_phone=&#8221;20px|20px|20px|20px|true|true&#8221; custom_padding_last_edited=&#8221;on|tablet&#8221; border_color_all=&#8221;RGBA(255,255,255,0)&#8221; border_width_right=&#8221;1px&#8221; border_width_right_tablet=&#8221;0px&#8221; border_width_right_phone=&#8221;&#8221; border_width_right_last_edited=&#8221;on|tablet&#8221; global_colors_info=&#8221;{}&#8221;][et_pb_text _builder_version=&#8221;4.24.0&#8243; _module_preset=&#8221;fb5899c1-96d7-4658-81d7-6123b00b0218&#8243; header_6_font=&#8221;Lato|700|||||||&#8221; header_6_font_size=&#8221;22px&#8221; global_colors_info=&#8221;{}&#8221;]<\/p>\n<h6>Kontakt<\/h6>\n<p>[\/et_pb_text][et_pb_text _builder_version=&#8221;4.24.0&#8243; _module_preset=&#8221;159f9cf8-30b1-4a8b-9b1c-5c8a10e6c585&#8243; text_font=&#8221;Lato|300|||||||&#8221; text_text_color=&#8221;#FFFFFF&#8221; custom_margin=&#8221;||26px||false|false&#8221; custom_margin_tablet=&#8221;||30px||false|false&#8221; custom_margin_phone=&#8221;&#8221; custom_margin_last_edited=&#8221;on|tablet&#8221; global_colors_info=&#8221;{}&#8221;]<\/p>\n<p>Meirenstraat 8<br \/>2390 Malle<br \/>(+32) 011 60 54 93<br \/>mapoprint@mapo.be<\/p>\n<p>[\/et_pb_text][et_pb_text _builder_version=&#8221;4.24.0&#8243; _module_preset=&#8221;fb5899c1-96d7-4658-81d7-6123b00b0218&#8243; header_6_font=&#8221;Lato|700|||||||&#8221; header_6_font_size=&#8221;22px&#8221; custom_margin=&#8221;0px||0px||false|false&#8221; locked=&#8221;off&#8221; global_colors_info=&#8221;{}&#8221;]<\/p>\n<h6>\u00d6ffnungszeiten<\/h6>\n<p>[\/et_pb_text][et_pb_text _builder_version=&#8221;4.24.0&#8243; _module_preset=&#8221;159f9cf8-30b1-4a8b-9b1c-5c8a10e6c585&#8243; text_font=&#8221;Lato|300|||||||&#8221; text_text_color=&#8221;#FFFFFF&#8221; custom_margin=&#8221;||60px||false|false&#8221; custom_margin_tablet=&#8221;||30px||false|false&#8221; custom_margin_phone=&#8221;&#8221; custom_margin_last_edited=&#8221;on|tablet&#8221; locked=&#8221;off&#8221; global_colors_info=&#8221;{}&#8221;]<\/p>\n<p>Montag - Donnerstag: 8.00 - 16.30 Uhr.<br \/>Freitag: 8 Uhr - 14.30 Uhr<\/p>\n<p>[\/et_pb_text][\/et_pb_column][et_pb_column type=&#8221;1_4&#8243; _builder_version=&#8221;4.19.0&#8243; _module_preset=&#8221;default&#8221; custom_padding=&#8221;40px|20px|40px|20px|true|true&#8221; custom_padding_tablet=&#8221;30px|30px|30px|30px|true|true&#8221; custom_padding_phone=&#8221;20px|20px|20px|20px|true|true&#8221; custom_padding_last_edited=&#8221;on|tablet&#8221; global_colors_info=&#8221;{}&#8221;][et_pb_text _builder_version=&#8221;4.24.0&#8243; _module_preset=&#8221;fb5899c1-96d7-4658-81d7-6123b00b0218&#8243; header_6_font=&#8221;Lato|700|||||||&#8221; header_6_font_size=&#8221;22px&#8221; custom_margin=&#8221;0px||0px||false|false&#8221; locked=&#8221;off&#8221; global_colors_info=&#8221;{}&#8221;]<\/p>\n<h6>Links<\/h6>\n<p>[\/et_pb_text][et_pb_text _builder_version=&#8221;4.24.2&#8243; _dynamic_attributes=&#8221;link_option_url&#8221; _module_preset=&#8221;159f9cf8-30b1-4a8b-9b1c-5c8a10e6c585&#8243; text_font=&#8221;Lato|300|||||||&#8221; text_text_color=&#8221;#FFFFFF&#8221; custom_margin=&#8221;||-2px||false|false&#8221; custom_margin_tablet=&#8221;||30px||false|false&#8221; custom_margin_phone=&#8221;&#8221; custom_margin_last_edited=&#8221;on|tablet&#8221; link_option_url=&#8221;@ET-DC@eyJkeW5hbWljIjp0cnVlLCJjb250ZW50IjoicG9zdF9saW5rX3VybF9wYWdlIiwic2V0dGluZ3MiOnsicG9zdF9pZCI6IjEzNSJ9fQ==@&#8221; locked=&#8221;off&#8221; global_colors_info=&#8221;{}&#8221;]<\/p>\n<p>MAPO BELGIUM<\/p>\n<p>[\/et_pb_text][et_pb_text _builder_version=&#8221;4.24.2&#8243; _dynamic_attributes=&#8221;link_option_url&#8221; _module_preset=&#8221;159f9cf8-30b1-4a8b-9b1c-5c8a10e6c585&#8243; text_font=&#8221;Lato|300|||||||&#8221; text_text_color=&#8221;#FFFFFF&#8221; custom_margin=&#8221;||-2px||false|false&#8221; custom_margin_tablet=&#8221;||30px||false|false&#8221; custom_margin_phone=&#8221;&#8221; custom_margin_last_edited=&#8221;on|tablet&#8221; link_option_url=&#8221;@ET-DC@eyJkeW5hbWljIjp0cnVlLCJjb250ZW50IjoicG9zdF9saW5rX3VybF9wYWdlIiwic2V0dGluZ3MiOnsicG9zdF9pZCI6IjEwIn19@&#8221; locked=&#8221;off&#8221; global_colors_info=&#8221;{}&#8221;]<\/p>\n<p>MAPO GROUP<\/p>\n<p>[\/et_pb_text][et_pb_text _builder_version=&#8221;4.24.2&#8243; _dynamic_attributes=&#8221;link_option_url&#8221; _module_preset=&#8221;159f9cf8-30b1-4a8b-9b1c-5c8a10e6c585&#8243; text_font=&#8221;Lato|300|||||||&#8221; text_text_color=&#8221;#FFFFFF&#8221; custom_margin=&#8221;||-2px||false|false&#8221; custom_margin_tablet=&#8221;||30px||false|false&#8221; custom_margin_phone=&#8221;&#8221; custom_margin_last_edited=&#8221;on|tablet&#8221; link_option_url=&#8221;@ET-DC@eyJkeW5hbWljIjp0cnVlLCJjb250ZW50IjoicG9zdF9saW5rX3VybF9wYWdlIiwic2V0dGluZ3MiOnsicG9zdF9pZCI6IjE3OSJ9fQ==@&#8221; locked=&#8221;off&#8221; global_colors_info=&#8221;{}&#8221;]<\/p>\n<p>MAPO PRINT<\/p>\n<p>[\/et_pb_text][et_pb_text _builder_version=&#8221;4.24.2&#8243; _dynamic_attributes=&#8221;link_option_url&#8221; _module_preset=&#8221;159f9cf8-30b1-4a8b-9b1c-5c8a10e6c585&#8243; text_font=&#8221;Lato|300|||||||&#8221; text_text_color=&#8221;#FFFFFF&#8221; custom_margin=&#8221;||-2px||false|false&#8221; custom_margin_tablet=&#8221;||30px||false|false&#8221; custom_margin_phone=&#8221;&#8221; custom_margin_last_edited=&#8221;on|tablet&#8221; link_option_url=&#8221;@ET-DC@eyJkeW5hbWljIjp0cnVlLCJjb250ZW50IjoicG9zdF9saW5rX3VybF9wYWdlIiwic2V0dGluZ3MiOnsicG9zdF9pZCI6IjI1OCJ9fQ==@&#8221; locked=&#8221;off&#8221; global_colors_info=&#8221;{}&#8221;]<\/p>\n<p>VEPOLA<\/p>\n<p>[\/et_pb_text][et_pb_text _builder_version=&#8221;4.24.2&#8243; _dynamic_attributes=&#8221;link_option_url&#8221; _module_preset=&#8221;159f9cf8-30b1-4a8b-9b1c-5c8a10e6c585&#8243; text_font=&#8221;Lato|300|||||||&#8221; text_text_color=&#8221;#FFFFFF&#8221; custom_margin=&#8221;||-2px||false|false&#8221; custom_margin_tablet=&#8221;||30px||false|false&#8221; custom_margin_phone=&#8221;&#8221; custom_margin_last_edited=&#8221;on|tablet&#8221; link_option_url=&#8221;@ET-DC@eyJkeW5hbWljIjp0cnVlLCJjb250ZW50IjoicG9zdF9saW5rX3VybF9wYWdlIiwic2V0dGluZ3MiOnsicG9zdF9pZCI6IjI2NCJ9fQ==@&#8221; locked=&#8221;off&#8221; global_colors_info=&#8221;{}&#8221;]<\/p>\n<p>V-FINISHING<\/p>\n<p>[\/et_pb_text][et_pb_text _builder_version=&#8221;4.24.2&#8243; _dynamic_attributes=&#8221;link_option_url&#8221; _module_preset=&#8221;159f9cf8-30b1-4a8b-9b1c-5c8a10e6c585&#8243; text_font=&#8221;Lato|300|||||||&#8221; text_text_color=&#8221;#FFFFFF&#8221; custom_margin=&#8221;||-2px||false|false&#8221; custom_margin_tablet=&#8221;||30px||false|false&#8221; custom_margin_phone=&#8221;&#8221; custom_margin_last_edited=&#8221;on|tablet&#8221; link_option_url=&#8221;@ET-DC@eyJkeW5hbWljIjp0cnVlLCJjb250ZW50IjoicG9zdF9saW5rX3VybF9wYWdlIiwic2V0dGluZ3MiOnsicG9zdF9pZCI6IjI3MiJ9fQ==@&#8221; locked=&#8221;off&#8221; global_colors_info=&#8221;{}&#8221;]<\/p>\n<p>DIENSTE<\/p>\n<p>[\/et_pb_text][et_pb_text _builder_version=&#8221;4.24.2&#8243; _dynamic_attributes=&#8221;link_option_url&#8221; _module_preset=&#8221;159f9cf8-30b1-4a8b-9b1c-5c8a10e6c585&#8243; text_font=&#8221;Lato|300|||||||&#8221; text_text_color=&#8221;#FFFFFF&#8221; custom_margin=&#8221;||-2px||false|false&#8221; custom_margin_tablet=&#8221;||30px||false|false&#8221; custom_margin_phone=&#8221;&#8221; custom_margin_last_edited=&#8221;on|tablet&#8221; link_option_url=&#8221;@ET-DC@eyJkeW5hbWljIjp0cnVlLCJjb250ZW50IjoicG9zdF9saW5rX3VybF9wYWdlIiwic2V0dGluZ3MiOnsicG9zdF9pZCI6IjI5OSJ9fQ==@&#8221; locked=&#8221;off&#8221; global_colors_info=&#8221;{}&#8221;]<\/p>\n<p>UNSER TEAM<\/p>\n<p>[\/et_pb_text][et_pb_text _builder_version=&#8221;4.24.2&#8243; _dynamic_attributes=&#8221;link_option_url&#8221; _module_preset=&#8221;159f9cf8-30b1-4a8b-9b1c-5c8a10e6c585&#8243; text_font=&#8221;Lato|300|||||||&#8221; text_text_color=&#8221;#FFFFFF&#8221; custom_margin=&#8221;||-2px||false|false&#8221; custom_margin_tablet=&#8221;||30px||false|false&#8221; custom_margin_phone=&#8221;&#8221; custom_margin_last_edited=&#8221;on|tablet&#8221; link_option_url=&#8221;@ET-DC@eyJkeW5hbWljIjp0cnVlLCJjb250ZW50IjoicG9zdF9saW5rX3VybF9wYWdlIiwic2V0dGluZ3MiOnsicG9zdF9pZCI6IjMwNCJ9fQ==@&#8221; locked=&#8221;off&#8221; global_colors_info=&#8221;{}&#8221;]<\/p>\n<p>STELLENANGEBOTE<\/p>\n<p>[\/et_pb_text][et_pb_text _builder_version=&#8221;4.24.2&#8243; _dynamic_attributes=&#8221;link_option_url&#8221; _module_preset=&#8221;159f9cf8-30b1-4a8b-9b1c-5c8a10e6c585&#8243; text_font=&#8221;Lato|300|||||||&#8221; text_text_color=&#8221;#FFFFFF&#8221; custom_margin=&#8221;||-2px||false|false&#8221; custom_margin_tablet=&#8221;||30px||false|false&#8221; custom_margin_phone=&#8221;&#8221; custom_margin_last_edited=&#8221;on|tablet&#8221; link_option_url=&#8221;@ET-DC@eyJkeW5hbWljIjp0cnVlLCJjb250ZW50IjoicG9zdF9saW5rX3VybF9wYWdlIiwic2V0dGluZ3MiOnsicG9zdF9pZCI6IjYzNiJ9fQ==@&#8221; locked=&#8221;off&#8221; global_colors_info=&#8221;{}&#8221;]<\/p>\n<p>KONTAKT<\/p>\n<p>[\/et_pb_text][\/et_pb_column][\/et_pb_row][\/et_pb_section]<\/p>","protected":false},"excerpt":{"rendered":"<p>Welkom bij MAPO PRINTWie over afwerking spreekt, kan in dit tijdperk niet meer zonder digital printing. Ook daar hebben we binnen de MAPO GROUP een oplossing voor. Dankzij onze RHO1000L printer zorgen wij voor unieke printwerken op allerhande plaatmaterialen. Naast het lakken kunnen we eender welk patroon, ontwerp of foto printen op uw onbewerkte of [&hellip;]<\/p>","protected":false},"author":1,"featured_media":0,"parent":0,"menu_order":0,"comment_status":"closed","ping_status":"closed","template":"","meta":{"_et_pb_use_builder":"on","_et_pb_old_content":"","_et_gb_content_width":"","iawp_total_views":931,"footnotes":""},"difl_page_category":[],"class_list":["post-179","page","type-page","status-publish","hentry"],"_links":{"self":[{"href":"https:\/\/mapogroup.be\/de\/wp-json\/wp\/v2\/pages\/179","targetHints":{"allow":["GET"]}}],"collection":[{"href":"https:\/\/mapogroup.be\/de\/wp-json\/wp\/v2\/pages"}],"about":[{"href":"https:\/\/mapogroup.be\/de\/wp-json\/wp\/v2\/types\/page"}],"author":[{"embeddable":true,"href":"https:\/\/mapogroup.be\/de\/wp-json\/wp\/v2\/users\/1"}],"replies":[{"embeddable":true,"href":"https:\/\/mapogroup.be\/de\/wp-json\/wp\/v2\/comments?post=179"}],"version-history":[{"count":0,"href":"https:\/\/mapogroup.be\/de\/wp-json\/wp\/v2\/pages\/179\/revisions"}],"wp:attachment":[{"href":"https:\/\/mapogroup.be\/de\/wp-json\/wp\/v2\/media?parent=179"}],"wp:term":[{"taxonomy":"difl_page_category","embeddable":true,"href":"https:\/\/mapogroup.be\/de\/wp-json\/wp\/v2\/difl_page_category?post=179"}],"curies":[{"name":"wp","href":"https:\/\/api.w.org\/{rel}","templated":true}]}}